{"id":5656568,"date":"2017-11-23T13:54:26","date_gmt":"2017-11-23T12:54:26","guid":{"rendered":"https:\/\/discus-siner.sk\/o-nas\/"},"modified":"2024-07-09T13:18:19","modified_gmt":"2024-07-09T11:18:19","slug":"uber-uns","status":"publish","type":"page","link":"https:\/\/discus-siner.sk\/de\/uber-uns\/","title":{"rendered":"\u00dcber uns"},"content":{"rendered":"[vc_row][vc_column width=&#8220;1\/2&#8243;][vc_column_text]\n<h1>DISCUS-SINER.SK<\/h1>\n<p>Discus &#8211; Siner ist ein Familienunternehmen, dessen Kopf und Herz der Fischz\u00fcchter <strong>Jozef Min\u010d\u00e1k<\/strong> ist, um den wirtschaftlichen Teil k\u00fcmmert sich die Gesch\u00e4ftsf\u00fchrerin <strong>Ant\u00f3nia Min\u010d\u00e1kov\u00e1<\/strong> und ihr Sohn <strong>Daniel Min\u010d\u00e1k<\/strong> ist f\u00fcr die Werbung und die Kommunikation mit ausl\u00e4ndischen Kunden zust\u00e4ndig.<\/p>\n<p>Jozef Min\u010d\u00e1k hat sich schon vor 40 Jahren f\u00fcr die Aquaristik interessiert, und seit 1995 hat er sich auf die Diskushaltung spezialisiert. Unser Familienbetrieb hat im Jahr 2002 mit der kommerziellen Fischzucht begonnen. Wir kommen aus der Slowakei, aus Barto\u0161ovce, in der N\u00e4he der historischen Stadt Bardejov. Im Jahr 2007 haben wir eine neue Halle gebaut, in der wir die Erfahrungen von Jozef Min\u010d\u00e1k in der Fischzucht mit den verf\u00fcgbaren Technologien verbunden haben, die wir auf dem neuesten Stand halten. Heutzutage betr\u00e4gt die Kapazit\u00e4t unserer Becken 80 000 Liter Wasser auf einer Fl\u00e4che von etwa 300 Quadratmetern. Wir arbeiten st\u00e4ndig an der hohen Qualit\u00e4t der Fische, die wir halten. In unseren Becken befindet sich immer eine ausreichende Menge an verschiedenen Farbvarianten, die Sie auf dem weltweiten Diskusmarkt finden k\u00f6nnen. Wir bieten sie auch in verschiedenen Gr\u00f6\u00dfen an.<\/p>\n<div id=\"gtx-trans\" style=\"position: absolute; left: 290px; top: 160.875px;\">\n<div class=\"gtx-trans-icon\"><\/div>\n<\/div>\n[\/vc_column_text][\/vc_column][vc_column width=&#8220;1\/2&#8243;][vc_empty_space height=&#8220;30&#8243;][vc_video link=&#8220;https:\/\/youtu.be\/wkd4oEmQ8bI&#8220; align=&#8220;center&#8220;][\/vc_column][\/vc_row][vc_row][vc_column][vc_column_text]\n<h2>\u00dcBER UNS<\/h2>\n<p>Unsere Philosophie bei der Haltung von Diskusfischen ist es, die Bedingungen f\u00fcr sie zu schaffen, sowohl in Bezug auf die Wasserqualit\u00e4t (Filterung, Fassungsverm\u00f6gen des Beckens) als auch auf das Futter, damit sie schnell wachsen und eine starke Immunit\u00e4t haben. So k\u00f6nnen sie einen sch\u00f6nen scheibenf\u00f6rmigen K\u00f6rper und eine Gr\u00f6\u00dfe erreichen, die eine gute Anpassung an eine neue Umgebung in den Aquarien unserer Kunden erm\u00f6glicht.<\/p>\n<p>Im Laufe der Jahre haben wir es geschafft, dass unsere Fische keine Parasiten wie Kiemenw\u00fcrmer, Nematoden (Capillariasp., Camallanussp., Oxyurissp.) und Testoden (Bandw\u00fcrmer) haben. Diese Parasiten hemmen das Wachstum, vor allem bei kleinen Fischen bis zu 5 Zentimetern, schr\u00e4nken aber auch das Gedeihen von Fischen aller Gr\u00f6\u00dfen ein. Flagellaten sind latente Parasiten, die bei der Verdauung im Darm eines Fisches helfen. Sobald die Immunit\u00e4t verloren geht, was durch Wasserprobleme, aber vor allem durch minderwertiges Futter verursacht werden kann, beginnen sich diese Parasiten schnell zu vermehren. Das Ergebnis dieses Prozesses ist, dass die Fische nicht mehr fressen, nicht mehr wachsen und sterben k\u00f6nnen. Bis 2013 f\u00fctterten wir unsere Fische mit einer Mischung aus Rinderherz mit Vitaminen und einem Granulat von verschiedenen Handelsmarken. Wir haben festgestellt, dass bei dieser Art der F\u00fctterung einige Fische sehr gut wachsen, andere aber zur\u00fcckbleiben und nicht gedeihen. Das war der Grund, warum wir damit begonnen haben, unsere eigenen Futtermischungen zu entwickeln. Zuerst waren es die gefrorenen Mischungen auf der Basis von Rinderherz, sp\u00e4ter f\u00fcgten wir andere Proteinkomponenten, St\u00e4rke, Algen, Kr\u00e4uter und eine Komponente zur Fischf\u00e4rbung hinzu. Wir haben herausgefunden, dass die Fische in der gefrorenen Form nicht alle notwendigen Komponenten aufnehmen k\u00f6nnen, die sie mit der vollen N\u00e4hrstoffmenge versorgen w\u00fcrden. Deshalb haben wir versucht, sie mit einem Granulat von verschiedenen Firmen zu f\u00fcttern, aber es hat sich nur gezeigt, dass es kein komplettes Futter f\u00fcr Diskus auf dem Markt gibt, wenn wir die vollst\u00e4ndige, ausgewogene Ern\u00e4hrung wollen. Es handelte sich entweder um Granulat mit hohem Proteingehalt, die anderen enthielten Algen oder Probiotika, und es stellte sich heraus, dass sie zwar die eine Futtersorte akzeptierten, eine andere aber ablehnten, was letztendlich die Preise f\u00fcr das Futter in die H\u00f6he trieb, weil man mehr Sorten kaufen und das Wasser h\u00e4ufiger wechseln musste, da nicht alles Granulat gefressen wurde.<\/p>\n<p>Auf der Grundlage all dieser Erkenntnisse haben wir beschlossen, unsere eigene Formel zu entwickeln, die ohne Kompromisse alle Komponenten enth\u00e4lt, die f\u00fcr eine vollst\u00e4ndige und ausgewogene Ern\u00e4hrung f\u00fcr einen seltenen Fisch wie den Diskus und auch f\u00fcr einen Wildfang erforderlich sind. Im Jahr 2018 haben wir nach jahrelangen Versuchen in unseren Zuchtanlagen unsere eigene Marke des Granulats ROYAL MENU auf den Markt gebracht. Dieses Granulat erf\u00fcllt alle Anforderungen f\u00fcr die F\u00fctterung von Fischen ab dem 10. Lebenstag bis hin zu ausgewachsenen Fischen, da wir es in 5 verschiedenen Fraktionen anbieten. Fische aller Gr\u00f6\u00dfen nehmen unser Granulat sehr gerne an.<\/p>\n<p>ROYAL MENU Granulat enth\u00e4lt komplexe Komponenten f\u00fcr die Fischern\u00e4hrung, angefangen bei Proteinen, \u00fcber verschiedene Arten von Heilkr\u00e4utern, Shiitake-Pilzen, Chia-Samen\u00f6l bis hin zu Probiotika und Pr\u00e4biotika, die alle zusammen die Aufnahme von N\u00e4hrstoffen aus dem Futter unterst\u00fctzen, eine sehr starke Immunit\u00e4t aufrechterhalten, ein ausgewogenes Wachstum und eine sch\u00f6ne F\u00e4rbung der Fische gew\u00e4hrleisten. Dank dieser kompletten Formel in einem ist es auch eine sehr wirtschaftliche L\u00f6sung, da die Fische die komplette Ern\u00e4hrung ohne Kompromisse in einem Produkt erhalten, so dass es nicht notwendig ist, sie aus verschiedenen Produkten zusammenzumischen.[\/vc_column_text][\/vc_column][\/vc_row][vc_row][vc_column][vc_column_text]\n<h2>UNSERE ZUCHTANLAGEN<\/h2>\n<p>Unsere Zuchtanlagen befinden sich in einem separaten Geb\u00e4ude, das von Anfang an baulich und technologisch f\u00fcr die Diskushaltung konzipiert wurde und 5 R\u00e4ume auf einer Fl\u00e4che von 300 qm umfasst.[\/vc_column_text][\/vc_column][\/vc_row][vc_row][vc_column][vc_empty_space height=&#8220;70px&#8220;][\/vc_column][\/vc_row][vc_row][vc_column width=&#8220;1\/3&#8243;][vc_column_text]\n<h2>1. Raum<\/h2>\n<div id=\"gtx-trans\" style=\"position: absolute; left: 2px; top: -4.09375px;\">\n<div class=\"gtx-trans-icon\"><\/div>\n<\/div>\n[\/vc_column_text][vc_column_text]Im ersten Raum befinden sich 4 Becken mit einem Fassungsverm\u00f6gen von 5000 Litern, das 5. Becken ist im &#8222;Amazonas-Stil&#8220; gestaltet und dient als Zierbecken. In diesem Raum befinden sich auch Becken f\u00fcr junge, heranwachsende Zuchtfische.[\/vc_column_text][\/vc_column][vc_column width=&#8220;1\/3&#8243;][vc_single_image image=&#8220;5652354&#8243; img_size=&#8220;medium&#8220; alignment=&#8220;center&#8220; style=&#8220;vc_box_shadow_3d&#8220; css_animation=&#8220;appear&#8220;][\/vc_column][vc_column width=&#8220;1\/3&#8243;][vc_single_image image=&#8220;5652355&#8243; img_size=&#8220;medium&#8220; alignment=&#8220;center&#8220; style=&#8220;vc_box_shadow_3d&#8220; css_animation=&#8220;appear&#8220;][\/vc_column][\/vc_row][vc_row][vc_column][vc_empty_space height=&#8220;5px&#8220;][\/vc_column][\/vc_row][vc_row][vc_column width=&#8220;1\/3&#8243;][vc_column_text]\n<h2>2. Raum<\/h2>\n[\/vc_column_text][vc_column_text]Der zweite Raum ist der so genannte Fischzuchtraum, in dem sich die Becken f\u00fcr die Paare und die Aufzucht der Jungfische von 1 bis 6 Zentimetern befinden. Wir lassen unsere sorgf\u00e4ltig ausgew\u00e4hlten Zuchtpaare ihre eigenen Nachkommen aufziehen, um deren gute Immunit\u00e4t und Wachstum zu gew\u00e4hrleisten. Wir f\u00fcttern sie auch, nachdem sie ab dem 5. Tag zu schwimmen beginnen, mit frisch geschl\u00fcpften Artemia (Salinenkrebse), und ab dem 10. Tag akzeptieren sie sehr gut die kleinste Fraktion XS unseres ROYAL MENU Granulats.[\/vc_column_text][\/vc_column][vc_column width=&#8220;1\/3&#8243;][vc_empty_space height=&#8220;60px&#8220;][vc_single_image image=&#8220;5652365&#8243; img_size=&#8220;medium&#8220; alignment=&#8220;center&#8220; style=&#8220;vc_box_shadow_3d&#8220; css_animation=&#8220;appear&#8220;][\/vc_column][vc_column width=&#8220;1\/3&#8243;][vc_empty_space height=&#8220;60px&#8220;][vc_single_image image=&#8220;5652364&#8243; img_size=&#8220;medium&#8220; alignment=&#8220;center&#8220; style=&#8220;vc_box_shadow_3d&#8220; css_animation=&#8220;appear&#8220;][\/vc_column][\/vc_row][vc_row][vc_column][vc_empty_space height=&#8220;70px&#8220;][\/vc_column][\/vc_row][vc_row][vc_column width=&#8220;1\/3&#8243;][vc_column_text]\n<h2>3. Raum<\/h2>\n[\/vc_column_text][vc_column_text]Im dritten Raum befinden sich 12 Becken mit einem Fassungsverm\u00f6gen von 1000 Litern Wasser f\u00fcr Fische, die zum Verkauf angeboten werden. Es ist m\u00f6glich, unsere Gesch\u00e4ftsr\u00e4ume nach vorheriger Absprache zu besichtigen.[\/vc_column_text][\/vc_column][vc_column width=&#8220;1\/3&#8243;][vc_single_image image=&#8220;5652366&#8243; img_size=&#8220;medium&#8220; alignment=&#8220;center&#8220; style=&#8220;vc_box_shadow_3d&#8220; css_animation=&#8220;appear&#8220;][\/vc_column][vc_column width=&#8220;1\/3&#8243;][vc_single_image image=&#8220;5653455&#8243; img_size=&#8220;medium&#8220; alignment=&#8220;center&#8220; style=&#8220;vc_box_shadow_3d&#8220; css_animation=&#8220;appear&#8220;][\/vc_column][\/vc_row][vc_row][vc_column][vc_empty_space height=&#8220;70px&#8220;][\/vc_column][\/vc_row][vc_row][vc_column width=&#8220;1\/4&#8243;][vc_empty_space height=&#8220;20&#8243;][vc_single_image image=&#8220;5652375&#8243; img_size=&#8220;medium&#8220; alignment=&#8220;center&#8220; style=&#8220;vc_box_shadow_3d&#8220; css_animation=&#8220;appear&#8220;][\/vc_column][vc_column width=&#8220;3\/4&#8243;][vc_column_text]\n<h2>4. Raum<\/h2>\n<p>Der technologische Teil des Betriebes ist im vierten Raum untergebracht. Es gibt ein System von Wassertanks mit einem Fassungsverm\u00f6gen von 8000 Litern, die Anlage zur Wassererw\u00e4rmung mit Hilfe von Solarkollektoren und einem mit Erdgas betriebenen Kessel, wobei die W\u00e4rmeverteilung durch eine spezielle Technologie gel\u00f6st wird. Es handelt sich um eine Kombination der Beheizung des Beckenbodens f\u00fcr die Aquarien und die Becken werden durch eine speziell angefertigte Edelstahlspirale erw\u00e4rmt, die sich in einem Filterteil befindet. Die Heizung wird in mehreren Kreisl\u00e4ufen durch Thermostate geregelt. Alle R\u00e4ume werden \u00fcber eine L\u00fcftungsanlage mit Rekuperationstechnik (Abluft- und Bel\u00fcftungsanlage in der Decke) bel\u00fcftet, die \u00fcber einen Sensor zur Feuchtigkeitsmessung gesteuert wird.[\/vc_column_text][\/vc_column][\/vc_row][vc_row][vc_column][vc_empty_space height=&#8220;70px&#8220;][\/vc_column][\/vc_row][vc_row][vc_column width=&#8220;1\/4&#8243;][vc_single_image image=&#8220;5653206&#8243; img_size=&#8220;medium&#8220; alignment=&#8220;center&#8220; style=&#8220;vc_box_shadow_3d&#8220; css_animation=&#8220;appear&#8220;][\/vc_column][vc_column width=&#8220;3\/4&#8243;][vc_column_text]\n<h2>5. Raum<\/h2>\n<p>Dieser Raum wurde im Jahr 2020 angebaut und dient als Trockenfutterlager f\u00fcr unsere Marke ROYAL MENU. Von dieser Einheit aus vertreiben wir das Futter f\u00fcr unsere Kunden aus der ganzen Welt.[\/vc_column_text][\/vc_column][\/vc_row][vc_row][vc_column][vc_empty_space][\/vc_column][\/vc_row][vc_row][vc_column width=&#8220;1\/4&#8243;][\/vc_column][vc_column width=&#8220;3\/4&#8243;][vc_column_text]\n<h2>PFLEGE<\/h2>\n<div id=\"gtx-trans\" style=\"position: absolute; left: 8px; top: -4.09375px;\">\n<div class=\"gtx-trans-icon\"><\/div>\n<\/div>\n[\/vc_column_text][\/vc_column][\/vc_row][vc_row][vc_column width=&#8220;1\/4&#8243;][vc_single_image image=&#8220;5653454&#8243; img_size=&#8220;medium&#8220; alignment=&#8220;center&#8220; style=&#8220;vc_box_shadow_3d&#8220; css_animation=&#8220;appear&#8220;][\/vc_column][vc_column width=&#8220;3\/4&#8243;][vc_column_text]Die Temperatur in unseren Zuchtanlagen wird in einem Bereich von 29 bis 31\u00b0C gehalten, die Leitf\u00e4higkeit unseres Zuchtwassers liegt in einem Bereich von 250 bis 350 \u00b5S\/cm, \u00b0kH liegt in einem Bereich von 2 bis 6 und der pH-Wert in einem Bereich von 6,5 bis 7,5. Das f\u00fcr die Fischzucht verwendete Zulaufwasser hat einen pH-Wert von 7,5, eine Leitf\u00e4higkeit von 300 \u00b5S\/cm und 5 \u00b0kH. Das Wasser stammt aus einem Waldbach, der von den \u010cerhov-Bergen im Nordosten der Slowakei herabflie\u00dft. Dieser Ort gilt als einer der reinsten in Europa.<\/p>\n<p>F\u00fcr die Wasserregulierung zum Ablaichen verwenden wir eine industrielle Osmose, die 3000 Liter Wasser mit einer Leitf\u00e4higkeit von 1 bis 8 \u00b5S\/cm produzieren kann. F\u00fcr die Aufbereitung des Wassers zum Ablaichen verwenden wir verschiedene Arten von Spezialsalzen.<\/p>\n<p>Die Gesundheit der Fische und ihr st\u00e4ndiger Appetit werden durch sauberes Wasser gew\u00e4hrleistet. Zu diesem Zweck verwenden wir eine mehrstufige Filtration, die in 8 Kreisl\u00e4ufen arbeitet. Die Kapazit\u00e4t der Filter liegt zwischen 600 und 1000 Litern. Die erste Kammer wird f\u00fcr eine mechanische Filtration verwendet und die mittleren Kammern f\u00fcr eine biologische Filtration werden st\u00e4ndig mit einem luftbetriebenen und rotierenden BioChip Filtermaterial betrieben. Eine weitere Kammer ist eine Biokeramikkammer und in der letzten Kammer werden je nach Bedarf Ionenaustauscher der Firma SZAT eingesetzt, um die hohen NO3- und PO4-Werte zu entfernen und kristallklares Wasser in den Becken zu erhalten. Jede Kammer verf\u00fcgt \u00fcber ein eigenes Abwassersystem f\u00fcr den regelm\u00e4\u00dfigen Wasseraustausch und die Entfernung von Sedimenten sowie \u00fcber einen eigenen Wasserzulauf.<\/p>\n<p>Wir f\u00fcttern unsere Fische t\u00e4glich, ab dem 10. Tag bis zur Geschlechtsreife, mit ROYAL MENU-Granulat und um es abwechslungsreicher zu gestalten, geben wir ihnen einige Male pro Woche gefrorene Artemia oder rote M\u00fcckenlarven. Diskusfische bis zu einer Gr\u00f6\u00dfe von 5 Zentimetern werden auch mit gefrorenen Mischungen auf der Basis von Rinderherz und Fisch gef\u00fcttert.[\/vc_column_text][\/vc_column][\/vc_row][vc_row][vc_column][\/vc_column][\/vc_row]\n","protected":false},"excerpt":{"rendered":"<p>[vc_row][vc_column width=&#8220;1\/2&#8243;][vc_column_text] DISCUS-SINER.SK Discus &#8211; Siner ist ein Familienunternehmen, dessen Kopf und Herz der&#8230;<\/p>\n","protected":false},"author":1,"featured_media":0,"parent":0,"menu_order":27,"comment_status":"closed","ping_status":"closed","template":"","meta":{"_links_to":"","_links_to_target":""},"yoast_head":"<!-- This site is optimized with the Yoast SEO plugin v18.9 - https:\/\/yoast.com\/wordpress\/plugins\/seo\/ -->\n<title>\u00dcber uns - DISCUS-SINER.sk<\/title>\n<meta name=\"robots\" content=\"index, follow, max-snippet:-1, max-image-preview:large, max-video-preview:-1\" \/>\n<link rel=\"canonical\" href=\"https:\/\/discus-siner.sk\/de\/uber-uns\/\" \/>\n<meta property=\"og:locale\" content=\"de_DE\" \/>\n<meta property=\"og:type\" content=\"article\" \/>\n<meta property=\"og:title\" content=\"\u00dcber uns - DISCUS-SINER.sk\" \/>\n<meta property=\"og:description\" content=\"[vc_row][vc_column width=&#8220;1\/2&#8243;][vc_column_text] DISCUS-SINER.SK Discus &#8211; Siner ist ein Familienunternehmen, dessen Kopf und Herz der...\" \/>\n<meta property=\"og:url\" content=\"https:\/\/discus-siner.sk\/de\/uber-uns\/\" \/>\n<meta property=\"og:site_name\" content=\"DISCUS-SINER.sk\" \/>\n<meta property=\"article:publisher\" content=\"https:\/\/www.facebook.com\/Discussiner\/\" \/>\n<meta property=\"article:modified_time\" content=\"2024-07-09T11:18:19+00:00\" \/>\n<meta name=\"twitter:card\" content=\"summary_large_image\" \/>\n<meta name=\"twitter:label1\" content=\"Gesch\u00e4tzte Lesezeit\" \/>\n\t<meta name=\"twitter:data1\" content=\"4 Minuten\" \/>\n<script type=\"application\/ld+json\" class=\"yoast-schema-graph\">{\"@context\":\"https:\/\/schema.org\",\"@graph\":[{\"@type\":\"Organization\",\"@id\":\"https:\/\/discus-siner.sk\/#organization\",\"name\":\"Discus Siner\",\"url\":\"https:\/\/discus-siner.sk\/\",\"sameAs\":[\"https:\/\/www.instagram.com\/discussiner.sk\/\",\"https:\/\/www.facebook.com\/Discussiner\/\"],\"logo\":{\"@type\":\"ImageObject\",\"inLanguage\":\"de-DE\",\"@id\":\"https:\/\/discus-siner.sk\/#\/schema\/logo\/image\/\",\"url\":\"https:\/\/discus-siner.sk\/wp-content\/uploads\/2017\/11\/a3-logo2.png\",\"contentUrl\":\"https:\/\/discus-siner.sk\/wp-content\/uploads\/2017\/11\/a3-logo2.png\",\"width\":612,\"height\":512,\"caption\":\"Discus Siner\"},\"image\":{\"@id\":\"https:\/\/discus-siner.sk\/#\/schema\/logo\/image\/\"}},{\"@type\":\"WebSite\",\"@id\":\"https:\/\/discus-siner.sk\/#website\",\"url\":\"https:\/\/discus-siner.sk\/\",\"name\":\"DISCUS-SINER.sk\",\"description\":\"\",\"publisher\":{\"@id\":\"https:\/\/discus-siner.sk\/#organization\"},\"potentialAction\":[{\"@type\":\"SearchAction\",\"target\":{\"@type\":\"EntryPoint\",\"urlTemplate\":\"https:\/\/discus-siner.sk\/?s={search_term_string}\"},\"query-input\":\"required name=search_term_string\"}],\"inLanguage\":\"de-DE\"},{\"@type\":\"WebPage\",\"@id\":\"https:\/\/discus-siner.sk\/de\/uber-uns\/#webpage\",\"url\":\"https:\/\/discus-siner.sk\/de\/uber-uns\/\",\"name\":\"\u00dcber uns - DISCUS-SINER.sk\",\"isPartOf\":{\"@id\":\"https:\/\/discus-siner.sk\/#website\"},\"datePublished\":\"2017-11-23T12:54:26+00:00\",\"dateModified\":\"2024-07-09T11:18:19+00:00\",\"breadcrumb\":{\"@id\":\"https:\/\/discus-siner.sk\/de\/uber-uns\/#breadcrumb\"},\"inLanguage\":\"de-DE\",\"potentialAction\":[{\"@type\":\"ReadAction\",\"target\":[\"https:\/\/discus-siner.sk\/de\/uber-uns\/\"]}]},{\"@type\":\"BreadcrumbList\",\"@id\":\"https:\/\/discus-siner.sk\/de\/uber-uns\/#breadcrumb\",\"itemListElement\":[{\"@type\":\"ListItem\",\"position\":1,\"name\":\"Home\",\"item\":\"https:\/\/discus-siner.sk\/de\/\"},{\"@type\":\"ListItem\",\"position\":2,\"name\":\"\u00dcber uns\"}]}]}<\/script>\n<!-- \/ Yoast SEO plugin. -->","yoast_head_json":{"title":"\u00dcber uns - DISCUS-SINER.sk","robots":{"index":"index","follow":"follow","max-snippet":"max-snippet:-1","max-image-preview":"max-image-preview:large","max-video-preview":"max-video-preview:-1"},"canonical":"https:\/\/discus-siner.sk\/de\/uber-uns\/","og_locale":"de_DE","og_type":"article","og_title":"\u00dcber uns - DISCUS-SINER.sk","og_description":"[vc_row][vc_column width=&#8220;1\/2&#8243;][vc_column_text] DISCUS-SINER.SK Discus &#8211; Siner ist ein Familienunternehmen, dessen Kopf und Herz der...","og_url":"https:\/\/discus-siner.sk\/de\/uber-uns\/","og_site_name":"DISCUS-SINER.sk","article_publisher":"https:\/\/www.facebook.com\/Discussiner\/","article_modified_time":"2024-07-09T11:18:19+00:00","twitter_card":"summary_large_image","twitter_misc":{"Gesch\u00e4tzte Lesezeit":"4 Minuten"},"schema":{"@context":"https:\/\/schema.org","@graph":[{"@type":"Organization","@id":"https:\/\/discus-siner.sk\/#organization","name":"Discus Siner","url":"https:\/\/discus-siner.sk\/","sameAs":["https:\/\/www.instagram.com\/discussiner.sk\/","https:\/\/www.facebook.com\/Discussiner\/"],"logo":{"@type":"ImageObject","inLanguage":"de-DE","@id":"https:\/\/discus-siner.sk\/#\/schema\/logo\/image\/","url":"https:\/\/discus-siner.sk\/wp-content\/uploads\/2017\/11\/a3-logo2.png","contentUrl":"https:\/\/discus-siner.sk\/wp-content\/uploads\/2017\/11\/a3-logo2.png","width":612,"height":512,"caption":"Discus Siner"},"image":{"@id":"https:\/\/discus-siner.sk\/#\/schema\/logo\/image\/"}},{"@type":"WebSite","@id":"https:\/\/discus-siner.sk\/#website","url":"https:\/\/discus-siner.sk\/","name":"DISCUS-SINER.sk","description":"","publisher":{"@id":"https:\/\/discus-siner.sk\/#organization"},"potentialAction":[{"@type":"SearchAction","target":{"@type":"EntryPoint","urlTemplate":"https:\/\/discus-siner.sk\/?s={search_term_string}"},"query-input":"required name=search_term_string"}],"inLanguage":"de-DE"},{"@type":"WebPage","@id":"https:\/\/discus-siner.sk\/de\/uber-uns\/#webpage","url":"https:\/\/discus-siner.sk\/de\/uber-uns\/","name":"\u00dcber uns - DISCUS-SINER.sk","isPartOf":{"@id":"https:\/\/discus-siner.sk\/#website"},"datePublished":"2017-11-23T12:54:26+00:00","dateModified":"2024-07-09T11:18:19+00:00","breadcrumb":{"@id":"https:\/\/discus-siner.sk\/de\/uber-uns\/#breadcrumb"},"inLanguage":"de-DE","potentialAction":[{"@type":"ReadAction","target":["https:\/\/discus-siner.sk\/de\/uber-uns\/"]}]},{"@type":"BreadcrumbList","@id":"https:\/\/discus-siner.sk\/de\/uber-uns\/#breadcrumb","itemListElement":[{"@type":"ListItem","position":1,"name":"Home","item":"https:\/\/discus-siner.sk\/de\/"},{"@type":"ListItem","position":2,"name":"\u00dcber uns"}]}]}},"_links":{"self":[{"href":"https:\/\/discus-siner.sk\/de\/wp-json\/wp\/v2\/pages\/5656568"}],"collection":[{"href":"https:\/\/discus-siner.sk\/de\/wp-json\/wp\/v2\/pages"}],"about":[{"href":"https:\/\/discus-siner.sk\/de\/wp-json\/wp\/v2\/types\/page"}],"author":[{"embeddable":true,"href":"https:\/\/discus-siner.sk\/de\/wp-json\/wp\/v2\/users\/1"}],"replies":[{"embeddable":true,"href":"https:\/\/discus-siner.sk\/de\/wp-json\/wp\/v2\/comments?post=5656568"}],"version-history":[{"count":3,"href":"https:\/\/discus-siner.sk\/de\/wp-json\/wp\/v2\/pages\/5656568\/revisions"}],"predecessor-version":[{"id":5656647,"href":"https:\/\/discus-siner.sk\/de\/wp-json\/wp\/v2\/pages\/5656568\/revisions\/5656647"}],"wp:attachment":[{"href":"https:\/\/discus-siner.sk\/de\/wp-json\/wp\/v2\/media?parent=5656568"}],"curies":[{"name":"wp","href":"https:\/\/api.w.org\/{rel}","templated":true}]}}