{"id":5656712,"date":"2024-07-09T13:28:25","date_gmt":"2024-07-09T11:28:25","guid":{"rendered":"https:\/\/discus-siner.sk\/?page_id=5656712"},"modified":"2024-07-09T13:49:40","modified_gmt":"2024-07-09T11:49:40","slug":"agb","status":"publish","type":"page","link":"https:\/\/discus-siner.sk\/de\/agb\/","title":{"rendered":"AGB"},"content":{"rendered":"[vc_row][vc_column][vc_column_text]\n<h1>AGB &#8211; Allgemeine Gesch\u00e4ftsbedingungen<\/h1>\n<p>Wenn Sie an unseren Fischen interessiert sind, k\u00f6nnen Sie sie bei unseren Vertretern kaufen, die in der Rubrik &#8222;<a href=\"https:\/\/discus-siner.sk\/de\/verkaeufer-finden\/\" target=\"_blank\" rel=\"noopener\">H\u00e4ndler finden<\/a>&#8220; angegeben sind. In L\u00e4ndern, in denen wir exklusive Vertriebsh\u00e4ndler haben, wenden Sie sich bitte an diese.<\/p>\n<div id=\"gtx-trans\" style=\"position: absolute; left: 267px; top: 136.875px;\">\n<div class=\"gtx-trans-icon\"><\/div>\n<\/div>\n[\/vc_column_text][\/vc_column][\/vc_row][vc_row][vc_column][vc_column_text]F\u00fcr <strong>Privatkunden<\/strong>, die unsere Fische pers\u00f6nlich in unserer Zuchtanlage kaufen m\u00f6chten:<\/p>\n<div id=\"gtx-trans\" style=\"position: absolute; left: 28px; top: 38px;\">\n<div class=\"gtx-trans-icon\"><\/div>\n<\/div>\n[\/vc_column_text]<ul class=\"norebro-list-box-sc list-box \" \n\tid=\"norebro-custom-6a07eef5cf90b\"\n\t \n\t>\n\t\n\t\t\t\n\t\t\t\t<li>\n\t\t\t\t\t\t\t<h4 class=\"title\">ein Besuch muss im Voraus telefonisch vereinbart werden, da wir keine \u00d6ffnungszeiten haben.<\/h4>\n\t\t\t\t\t<\/li>\n\t\t\t\t<li>\n\t\t\t\t\t\t\t<h4 class=\"title\">die Mindestabnahmegrenze f\u00fcr Privatkunden betr\u00e4gt 250 Euro<\/h4>\n\t\t\t\t\t<\/li>\n\t\t\t\t<li>\n\t\t\t\t\t\t\t<h4 class=\"title\">sich auf die Gr\u00f6\u00dfe und Form der Fische einigen, an denen Sie interessiert sind<\/h4>\n\t\t\t\t\t<\/li>\n\t\t\n\t\n<\/ul>[\/vc_column][\/vc_row][vc_row][vc_column][vc_column_text]<em><strong>Diese Bedingungen gelten, weil wir t\u00e4glich mehrere Tausend Fische in den Becken f\u00fcttern und es daher nicht m\u00f6glich ist, wahllos zu kommen und Fische abzuholen. Die Fische m\u00fcssen vor dem Verpacken und dem Transport vorbereitet werden (mindestens einen Tag lang keine F\u00fctterung, dies ist im Interesse der Kunden).<\/strong><\/em>[\/vc_column_text][\/vc_column][\/vc_row][vc_row][vc_column][vc_column_text]In L\u00e4nder in West- und Nordeuropa, in denen wir keine Exklusivh\u00e4ndler haben, k\u00f6nnen wir die Fische per Kurier direkt an die Adresse des Kunden, des Gesch\u00e4fts, schicken.<\/p>\n<p>Aus wirtschaftlichen Gr\u00fcnden betr\u00e4gt die Mindestabnahme 2 Kisten oder 1.000,- Euro f\u00fcr die Fische. Der Preis f\u00fcr den Versand von 1 Box betr\u00e4gt 50,- Euro. Dieser Preis beinhaltet den Kurierdienst, die Styroporbox und die Verpackung. Der Preis f\u00fcr jede weitere Box betr\u00e4gt ebenfalls 50,- Euro.<\/p>\n<p>Falls Sie sich au\u00dferhalb der Route unserer Kuriere befinden, k\u00f6nnen wir den Fisch in die Hauptstadt oder, nach Vereinbarung, in den n\u00e4chstgelegenen Ort zu Ihrer Adresse liefern.[\/vc_column_text][\/vc_column][\/vc_row][vc_row][vc_column][vc_column_text]\n<h2>Verpackung von Diskusfischen in einer Box:<\/h2>\n[\/vc_column_text][\/vc_column][\/vc_row][vc_row][vc_column width=&#8220;1\/2&#8243;][vc_column_text]\n<h4><strong>Die Transportzeit betr\u00e4gt bis zu 30 Stunden:<\/strong><\/h4>\n[\/vc_column_text]<ul class=\"norebro-list-box-sc list-box \" \n\tid=\"norebro-custom-6a07eef5d0176\"\n\t \n\t>\n\t\n\t\t\t\n\t\t\t\t<li>\n\t\t\t\t\t\t\t<h4 class=\"title\">diskusgr\u00f6\u00dfe 5-7 cm: 40 St\u00fcck\/Box<\/h4>\n\t\t\t\t\t<\/li>\n\t\t\t\t<li>\n\t\t\t\t\t\t\t<h4 class=\"title\">diskusgr\u00f6\u00dfe 7-9 cm: 30 St\u00fcck\/Box<\/h4>\n\t\t\t\t\t<\/li>\n\t\t\t\t<li>\n\t\t\t\t\t\t\t<h4 class=\"title\">diskusgr\u00f6\u00dfe 9-11 cm: 18 St\u00fcck\/Box<\/h4>\n\t\t\t\t\t<\/li>\n\t\t\t\t<li>\n\t\t\t\t\t\t\t<h4 class=\"title\">diskusgr\u00f6\u00dfe 11-13 cm: 12 St\u00fcck\/Box<\/h4>\n\t\t\t\t\t<\/li>\n\t\t\t\t<li>\n\t\t\t\t\t\t\t<h4 class=\"title\">diskusgr\u00f6\u00dfe 13-15 cm: 10 St\u00fcck\/Box<\/h4>\n\t\t\t\t\t<\/li>\n\t\t\t\t<li>\n\t\t\t\t\t\t\t<h4 class=\"title\">diskusgr\u00f6\u00dfe 15 und dar\u00fcber: 6 St\u00fcck\/Box<\/h4>\n\t\t\t\t\t<\/li>\n\t\t\n\t\n<\/ul>[\/vc_column][vc_column width=&#8220;1\/2&#8243;][vc_column_text]\n<h4><strong>Transportzeit 30-60 Stunden:<\/strong><\/h4>\n[\/vc_column_text]<ul class=\"norebro-list-box-sc list-box \" \n\tid=\"norebro-custom-6a07eef5d024f\"\n\t \n\t>\n\t\n\t\t\t\n\t\t\t\t<li>\n\t\t\t\t\t\t\t<h4 class=\"title\">diskusgr\u00f6\u00dfe 5-7 cm: 30 St\u00fcck\/Box<\/h4>\n\t\t\t\t\t<\/li>\n\t\t\t\t<li>\n\t\t\t\t\t\t\t<h4 class=\"title\">diskusgr\u00f6\u00dfe 7-9 cm: 20 St\u00fcck\/Box<\/h4>\n\t\t\t\t\t<\/li>\n\t\t\t\t<li>\n\t\t\t\t\t\t\t<h4 class=\"title\">diskusgr\u00f6\u00dfe 9-11 cm: 10 St\u00fcck\/Box<\/h4>\n\t\t\t\t\t<\/li>\n\t\t\t\t<li>\n\t\t\t\t\t\t\t<h4 class=\"title\">diskusgr\u00f6\u00dfe 11-13 cm: 10 St\u00fcck\/Box<\/h4>\n\t\t\t\t\t<\/li>\n\t\t\t\t<li>\n\t\t\t\t\t\t\t<h4 class=\"title\">diskusgr\u00f6\u00dfe 13-15 cm: 8 St\u00fcck\/Box<\/h4>\n\t\t\t\t\t<\/li>\n\t\t\t\t<li>\n\t\t\t\t\t\t\t<h4 class=\"title\">diskusgr\u00f6\u00dfe 15 und dar\u00fcber: 6 St\u00fcck\/Box<\/h4>\n\t\t\t\t\t<\/li>\n\t\t\n\t\n<\/ul>[\/vc_column][\/vc_row][vc_row][vc_column][vc_column_text]\n<div id=\"gtx-trans\" style=\"position: absolute; left: 30px; top: 49.4375px;\">\n<div class=\"gtx-trans-icon\"><\/div>\n<\/div>\n[\/vc_column_text][\/vc_column][\/vc_row]\n","protected":false},"excerpt":{"rendered":"<p>[vc_row][vc_column][vc_column_text] AGB &#8211; Allgemeine Gesch\u00e4ftsbedingungen Wenn Sie an unseren Fischen interessiert sind, k\u00f6nnen Sie&#8230;<\/p>\n","protected":false},"author":6,"featured_media":0,"parent":0,"menu_order":0,"comment_status":"closed","ping_status":"closed","template":"","meta":{"_links_to":"","_links_to_target":""},"yoast_head":"<!-- This site is optimized with the Yoast SEO plugin v18.9 - https:\/\/yoast.com\/wordpress\/plugins\/seo\/ -->\n<title>AGB - DISCUS-SINER.sk<\/title>\n<meta name=\"robots\" content=\"index, follow, max-snippet:-1, max-image-preview:large, max-video-preview:-1\" \/>\n<link rel=\"canonical\" href=\"https:\/\/discus-siner.sk\/de\/agb\/\" \/>\n<meta property=\"og:locale\" content=\"de_DE\" \/>\n<meta property=\"og:type\" content=\"article\" \/>\n<meta property=\"og:title\" content=\"AGB - DISCUS-SINER.sk\" \/>\n<meta property=\"og:description\" content=\"[vc_row][vc_column][vc_column_text] AGB &#8211; Allgemeine Gesch\u00e4ftsbedingungen Wenn Sie an unseren Fischen interessiert sind, k\u00f6nnen Sie...\" \/>\n<meta property=\"og:url\" content=\"https:\/\/discus-siner.sk\/de\/agb\/\" \/>\n<meta property=\"og:site_name\" content=\"DISCUS-SINER.sk\" \/>\n<meta property=\"article:publisher\" content=\"https:\/\/www.facebook.com\/Discussiner\/\" \/>\n<meta property=\"article:modified_time\" content=\"2024-07-09T11:49:40+00:00\" \/>\n<meta name=\"twitter:card\" content=\"summary_large_image\" \/>\n<meta name=\"twitter:label1\" content=\"Gesch\u00e4tzte Lesezeit\" \/>\n\t<meta name=\"twitter:data1\" content=\"2 Minuten\" \/>\n<script type=\"application\/ld+json\" class=\"yoast-schema-graph\">{\"@context\":\"https:\/\/schema.org\",\"@graph\":[{\"@type\":\"Organization\",\"@id\":\"https:\/\/discus-siner.sk\/#organization\",\"name\":\"Discus Siner\",\"url\":\"https:\/\/discus-siner.sk\/\",\"sameAs\":[\"https:\/\/www.instagram.com\/discussiner.sk\/\",\"https:\/\/www.facebook.com\/Discussiner\/\"],\"logo\":{\"@type\":\"ImageObject\",\"inLanguage\":\"de-DE\",\"@id\":\"https:\/\/discus-siner.sk\/#\/schema\/logo\/image\/\",\"url\":\"https:\/\/discus-siner.sk\/wp-content\/uploads\/2017\/11\/a3-logo2.png\",\"contentUrl\":\"https:\/\/discus-siner.sk\/wp-content\/uploads\/2017\/11\/a3-logo2.png\",\"width\":612,\"height\":512,\"caption\":\"Discus Siner\"},\"image\":{\"@id\":\"https:\/\/discus-siner.sk\/#\/schema\/logo\/image\/\"}},{\"@type\":\"WebSite\",\"@id\":\"https:\/\/discus-siner.sk\/#website\",\"url\":\"https:\/\/discus-siner.sk\/\",\"name\":\"DISCUS-SINER.sk\",\"description\":\"\",\"publisher\":{\"@id\":\"https:\/\/discus-siner.sk\/#organization\"},\"potentialAction\":[{\"@type\":\"SearchAction\",\"target\":{\"@type\":\"EntryPoint\",\"urlTemplate\":\"https:\/\/discus-siner.sk\/?s={search_term_string}\"},\"query-input\":\"required name=search_term_string\"}],\"inLanguage\":\"de-DE\"},{\"@type\":\"WebPage\",\"@id\":\"https:\/\/discus-siner.sk\/de\/agb\/#webpage\",\"url\":\"https:\/\/discus-siner.sk\/de\/agb\/\",\"name\":\"AGB - DISCUS-SINER.sk\",\"isPartOf\":{\"@id\":\"https:\/\/discus-siner.sk\/#website\"},\"datePublished\":\"2024-07-09T11:28:25+00:00\",\"dateModified\":\"2024-07-09T11:49:40+00:00\",\"breadcrumb\":{\"@id\":\"https:\/\/discus-siner.sk\/de\/agb\/#breadcrumb\"},\"inLanguage\":\"de-DE\",\"potentialAction\":[{\"@type\":\"ReadAction\",\"target\":[\"https:\/\/discus-siner.sk\/de\/agb\/\"]}]},{\"@type\":\"BreadcrumbList\",\"@id\":\"https:\/\/discus-siner.sk\/de\/agb\/#breadcrumb\",\"itemListElement\":[{\"@type\":\"ListItem\",\"position\":1,\"name\":\"Home\",\"item\":\"https:\/\/discus-siner.sk\/de\/\"},{\"@type\":\"ListItem\",\"position\":2,\"name\":\"AGB\"}]}]}<\/script>\n<!-- \/ Yoast SEO plugin. -->","yoast_head_json":{"title":"AGB - DISCUS-SINER.sk","robots":{"index":"index","follow":"follow","max-snippet":"max-snippet:-1","max-image-preview":"max-image-preview:large","max-video-preview":"max-video-preview:-1"},"canonical":"https:\/\/discus-siner.sk\/de\/agb\/","og_locale":"de_DE","og_type":"article","og_title":"AGB - DISCUS-SINER.sk","og_description":"[vc_row][vc_column][vc_column_text] AGB &#8211; Allgemeine Gesch\u00e4ftsbedingungen Wenn Sie an unseren Fischen interessiert sind, k\u00f6nnen Sie...","og_url":"https:\/\/discus-siner.sk\/de\/agb\/","og_site_name":"DISCUS-SINER.sk","article_publisher":"https:\/\/www.facebook.com\/Discussiner\/","article_modified_time":"2024-07-09T11:49:40+00:00","twitter_card":"summary_large_image","twitter_misc":{"Gesch\u00e4tzte Lesezeit":"2 Minuten"},"schema":{"@context":"https:\/\/schema.org","@graph":[{"@type":"Organization","@id":"https:\/\/discus-siner.sk\/#organization","name":"Discus Siner","url":"https:\/\/discus-siner.sk\/","sameAs":["https:\/\/www.instagram.com\/discussiner.sk\/","https:\/\/www.facebook.com\/Discussiner\/"],"logo":{"@type":"ImageObject","inLanguage":"de-DE","@id":"https:\/\/discus-siner.sk\/#\/schema\/logo\/image\/","url":"https:\/\/discus-siner.sk\/wp-content\/uploads\/2017\/11\/a3-logo2.png","contentUrl":"https:\/\/discus-siner.sk\/wp-content\/uploads\/2017\/11\/a3-logo2.png","width":612,"height":512,"caption":"Discus Siner"},"image":{"@id":"https:\/\/discus-siner.sk\/#\/schema\/logo\/image\/"}},{"@type":"WebSite","@id":"https:\/\/discus-siner.sk\/#website","url":"https:\/\/discus-siner.sk\/","name":"DISCUS-SINER.sk","description":"","publisher":{"@id":"https:\/\/discus-siner.sk\/#organization"},"potentialAction":[{"@type":"SearchAction","target":{"@type":"EntryPoint","urlTemplate":"https:\/\/discus-siner.sk\/?s={search_term_string}"},"query-input":"required name=search_term_string"}],"inLanguage":"de-DE"},{"@type":"WebPage","@id":"https:\/\/discus-siner.sk\/de\/agb\/#webpage","url":"https:\/\/discus-siner.sk\/de\/agb\/","name":"AGB - DISCUS-SINER.sk","isPartOf":{"@id":"https:\/\/discus-siner.sk\/#website"},"datePublished":"2024-07-09T11:28:25+00:00","dateModified":"2024-07-09T11:49:40+00:00","breadcrumb":{"@id":"https:\/\/discus-siner.sk\/de\/agb\/#breadcrumb"},"inLanguage":"de-DE","potentialAction":[{"@type":"ReadAction","target":["https:\/\/discus-siner.sk\/de\/agb\/"]}]},{"@type":"BreadcrumbList","@id":"https:\/\/discus-siner.sk\/de\/agb\/#breadcrumb","itemListElement":[{"@type":"ListItem","position":1,"name":"Home","item":"https:\/\/discus-siner.sk\/de\/"},{"@type":"ListItem","position":2,"name":"AGB"}]}]}},"_links":{"self":[{"href":"https:\/\/discus-siner.sk\/de\/wp-json\/wp\/v2\/pages\/5656712"}],"collection":[{"href":"https:\/\/discus-siner.sk\/de\/wp-json\/wp\/v2\/pages"}],"about":[{"href":"https:\/\/discus-siner.sk\/de\/wp-json\/wp\/v2\/types\/page"}],"author":[{"embeddable":true,"href":"https:\/\/discus-siner.sk\/de\/wp-json\/wp\/v2\/users\/6"}],"replies":[{"embeddable":true,"href":"https:\/\/discus-siner.sk\/de\/wp-json\/wp\/v2\/comments?post=5656712"}],"version-history":[{"count":4,"href":"https:\/\/discus-siner.sk\/de\/wp-json\/wp\/v2\/pages\/5656712\/revisions"}],"predecessor-version":[{"id":5656722,"href":"https:\/\/discus-siner.sk\/de\/wp-json\/wp\/v2\/pages\/5656712\/revisions\/5656722"}],"wp:attachment":[{"href":"https:\/\/discus-siner.sk\/de\/wp-json\/wp\/v2\/media?parent=5656712"}],"curies":[{"name":"wp","href":"https:\/\/api.w.org\/{rel}","templated":true}]}}