{"id":5656564,"date":"2017-08-09T12:20:02","date_gmt":"2017-08-09T10:20:02","guid":{"rendered":"https:\/\/discus-siner.sk\/domov\/"},"modified":"2024-07-09T10:49:26","modified_gmt":"2024-07-09T08:49:26","slug":"home","status":"publish","type":"page","link":"https:\/\/discus-siner.sk\/en\/","title":{"rendered":"Home"},"content":{"rendered":"[vc_row full_width=&#8221;stretch_row_content_no_spaces&#8221;][vc_column]<div class=\"norebro-recent-projects-sc  portfolio-grid-4 with-sorting\" \n\tid=\"norebro-custom-69ecd063bf32e\"\n\t \n\t>\n\t\n\t<div class=\"slider full-height full with-sorting\" data-norebro-slider='{\"mousewheel\":true,\"loop\":true,\"dots\":true,\"nav\":true,\"autoplay\":true,\"autoplayHoverPause\":true,\"navContainerClass\":\"slider-nav\",\"keyControl\":true,\"itemsDesktop\":\"4\",\"itemsTablet\":\"3\",\"itemsMobile\":\"1\",\"dotsEach\":\"1\",\"slideBy\":1,\"navSpeed\":\"300\",\"autoplayTimeout\":\"5\",\"autoHeight\":false,\"dotsClass\":\"slider-vertical-numbers\"}'>\n\t\t\t\t<div class=\"slider-wrap portfolio-item-wrap\">\n\t<div class=\"portfolio-item grid-4\">\n\t\t\t\t\t<div class=\"image-wrap\" data-norebro-bg-image=\"https:\/\/discus-siner.sk\/wp-content\/uploads\/2021\/08\/slider1.jpg\"><\/div>\n\t\t\t\t<a href=\"#\">\n\t\t\t<div class=\"description overlay\">\n\t\t\t\t<div class=\"content-center\">\n\t\t\t\t\t<div class=\"wrap\">\n\t\t\t\t\t\t\n\t\t\t\t\t\t\t\t\t\t\t\t\t\t\t\t\t\t\t\t\t\t\t\t\t\t\t\t\t\t\t\t\t\t<span class=\"category\">Homepage<\/span>\n\t\t\t\t\t\t\t\t\t\t\t\t\t\t\t\t\t\t\t\n\t\t\t\t\t\t<h4 class=\"title\">DISCUS-SINER.sk<\/h4>\n\t\t\t\t\t\t\t\t\t\t\t\t\t<div class=\"text-description\">\n\t\t\t\t\t\t\t\tWelcome to all who are interested in aquariums and discus fish from Discus Siner.\n&nbsp;\t\t\t\t\t\t\t<\/div>\n\t\t\t\t\t\t\t\t\t\t\t\t\t\t\t\t\t\t<a href=\"#\" class=\"more hover-underline\">\n\t\t\t\t\t\t\tView Project\t\t\t\t\t\t\t<span class=\"ion-ios-plus-empty\"><\/span>\n\t\t\t\t\t\t<\/a>\n\t\t\t\t\t\t\t\t\t\t\t<\/div>\n\t\t\t\t<\/div>\n\t\t\t<\/div>\n\t\t<\/a>\n\t<\/div><\/div>\t\t\t\t<div class=\"slider-wrap portfolio-item-wrap\">\n\t<div class=\"portfolio-item grid-4\">\n\t\t\t\t\t<div class=\"image-wrap\" data-norebro-bg-image=\"https:\/\/discus-siner.sk\/wp-content\/uploads\/2021\/08\/185046072_3132375916989260_2810001023334244463_n.jpg\"><\/div>\n\t\t\t\t<a href=\"https:\/\/discus-siner.sk\/en\/fish-food-sale\/\">\n\t\t\t<div class=\"description overlay\">\n\t\t\t\t<div class=\"content-center\">\n\t\t\t\t\t<div class=\"wrap\">\n\t\t\t\t\t\t\n\t\t\t\t\t\t\t\t\t\t\t\t\t\t\t\t\t\t\t\t\t\t\t\t\t\t\t\t\t\t\t\t\t\t<span class=\"category\">Homepage<\/span>\n\t\t\t\t\t\t\t\t\t\t\t\t\t\t\t\t\t\t\t\n\t\t\t\t\t\t<h4 class=\"title\">Fish food for sale<\/h4>\n\t\t\t\t\t\t\t\t\t\t\t\t\t<div class=\"text-description\">\n\t\t\t\t\t\t\t\tThey are from the professional breeder of discus and their composition is at the very top of the aquarium feeds&#8230;\t\t\t\t\t\t\t<\/div>\n\t\t\t\t\t\t\t\t\t\t\t\t\t\t\t\t\t\t<a href=\"https:\/\/discus-siner.sk\/en\/fish-food-sale\/\" class=\"more hover-underline\">\n\t\t\t\t\t\t\tView Project\t\t\t\t\t\t\t<span class=\"ion-ios-plus-empty\"><\/span>\n\t\t\t\t\t\t<\/a>\n\t\t\t\t\t\t\t\t\t\t\t<\/div>\n\t\t\t\t<\/div>\n\t\t\t<\/div>\n\t\t<\/a>\n\t<\/div><\/div>\t\t\t\t<div class=\"slider-wrap portfolio-item-wrap\">\n\t<div class=\"portfolio-item grid-4\">\n\t\t\t\t\t<div class=\"image-wrap\" data-norebro-bg-image=\"https:\/\/discus-siner.sk\/wp-content\/uploads\/2021\/08\/3o-nas.jpg\"><\/div>\n\t\t\t\t<a href=\"https:\/\/discus-siner.sk\/en\/about-us\/\">\n\t\t\t<div class=\"description overlay\">\n\t\t\t\t<div class=\"content-center\">\n\t\t\t\t\t<div class=\"wrap\">\n\t\t\t\t\t\t\n\t\t\t\t\t\t\t\t\t\t\t\t\t\t\t\t\t\t\t\t\t\t\t\t\t\t\t\t\t\t\t\t\t\t<span class=\"category\">Homepage<\/span>\n\t\t\t\t\t\t\t\t\t\t\t\t\t\t\t\t\t\t\t\n\t\t\t\t\t\t<h4 class=\"title\">About us<\/h4>\n\t\t\t\t\t\t\t\t\t\t\t\t\t<div class=\"text-description\">\n\t\t\t\t\t\t\t\tDiscus &#8211; Siner is the family business, whose mind and heart is the fish keeper Jozef Min\u010d\u00e1k, the economic section is being taking care of by the executive manager Ant\u00f3nia Min\u010d\u00e1kov\u00e1 and their&hellip;\t\t\t\t\t\t\t<\/div>\n\t\t\t\t\t\t\t\t\t\t\t\t\t\t\t\t\t\t<a href=\"https:\/\/discus-siner.sk\/en\/about-us\/\" class=\"more hover-underline\">\n\t\t\t\t\t\t\tView Project\t\t\t\t\t\t\t<span class=\"ion-ios-plus-empty\"><\/span>\n\t\t\t\t\t\t<\/a>\n\t\t\t\t\t\t\t\t\t\t\t<\/div>\n\t\t\t\t<\/div>\n\t\t\t<\/div>\n\t\t<\/a>\n\t<\/div><\/div>\t\t\t\t<div class=\"slider-wrap portfolio-item-wrap\">\n\t<div class=\"portfolio-item grid-4\">\n\t\t\t\t\t<div class=\"image-wrap\" data-norebro-bg-image=\"https:\/\/discus-siner.sk\/wp-content\/uploads\/2021\/08\/4chovane-formy.jpg\"><\/div>\n\t\t\t\t<a href=\"https:\/\/discus-siner.sk\/en\/bred-forms\/\">\n\t\t\t<div class=\"description overlay\">\n\t\t\t\t<div class=\"content-center\">\n\t\t\t\t\t<div class=\"wrap\">\n\t\t\t\t\t\t\n\t\t\t\t\t\t\t\t\t\t\t\t\t\t\t\t\t\t\t\t\t\t\t\t\t\t\t\t\t\t\t\t\t\t<span class=\"category\">Homepage<\/span>\n\t\t\t\t\t\t\t\t\t\t\t\t\t\t\t\t\t\t\t\n\t\t\t\t\t\t<h4 class=\"title\">Bred forms<\/h4>\n\t\t\t\t\t\t\t\t\t\t\t\t\t<div class=\"text-description\">\n\t\t\t\t\t\t\t\tOur bred forms\t\t\t\t\t\t\t<\/div>\n\t\t\t\t\t\t\t\t\t\t\t\t\t\t\t\t\t\t<a href=\"https:\/\/discus-siner.sk\/en\/bred-forms\/\" class=\"more hover-underline\">\n\t\t\t\t\t\t\tView Project\t\t\t\t\t\t\t<span class=\"ion-ios-plus-empty\"><\/span>\n\t\t\t\t\t\t<\/a>\n\t\t\t\t\t\t\t\t\t\t\t<\/div>\n\t\t\t\t<\/div>\n\t\t\t<\/div>\n\t\t<\/a>\n\t<\/div><\/div>\t\t\t\t<div class=\"slider-wrap portfolio-item-wrap\">\n\t<div class=\"portfolio-item grid-4\">\n\t\t\t\t\t<div class=\"image-wrap\" data-norebro-bg-image=\"https:\/\/discus-siner.sk\/wp-content\/uploads\/2021\/08\/5cennikk.jpg\"><\/div>\n\t\t\t\t<a href=\"https:\/\/discus-siner.sk\/en\/price-list\/\">\n\t\t\t<div class=\"description overlay\">\n\t\t\t\t<div class=\"content-center\">\n\t\t\t\t\t<div class=\"wrap\">\n\t\t\t\t\t\t\n\t\t\t\t\t\t\t\t\t\t\t\t\t\t\t\t\t\t\t\t\t\t\t\t\t\t\t\t\t\t\t\t\t\t<span class=\"category\">Homepage<\/span>\n\t\t\t\t\t\t\t\t\t\t\t\t\t\t\t\t\t\t\t\n\t\t\t\t\t\t<h4 class=\"title\">Price list<\/h4>\n\t\t\t\t\t\t\t\t\t\t\t\t\t<div class=\"text-description\">\n\t\t\t\t\t\t\t\tPrice list for personal pick-up and wholesale price list with password\n\n\n\t\t\t\t\t\t\t<\/div>\n\t\t\t\t\t\t\t\t\t\t\t\t\t\t\t\t\t\t<a href=\"https:\/\/discus-siner.sk\/en\/price-list\/\" class=\"more hover-underline\">\n\t\t\t\t\t\t\tView Project\t\t\t\t\t\t\t<span class=\"ion-ios-plus-empty\"><\/span>\n\t\t\t\t\t\t<\/a>\n\t\t\t\t\t\t\t\t\t\t\t<\/div>\n\t\t\t\t<\/div>\n\t\t\t<\/div>\n\t\t<\/a>\n\t<\/div><\/div>\t\t\t\t<div class=\"slider-wrap portfolio-item-wrap\">\n\t<div class=\"portfolio-item grid-4\">\n\t\t\t\t\t<div class=\"image-wrap\" data-norebro-bg-image=\"https:\/\/discus-siner.sk\/wp-content\/uploads\/2021\/08\/6najdi-predajcu.jpg\"><\/div>\n\t\t\t\t<a href=\"https:\/\/discus-siner.sk\/en\/find-seller\/\">\n\t\t\t<div class=\"description overlay\">\n\t\t\t\t<div class=\"content-center\">\n\t\t\t\t\t<div class=\"wrap\">\n\t\t\t\t\t\t\n\t\t\t\t\t\t\t\t\t\t\t\t\t\t\t\t\t\t\t\t\t\t\t\t\t\t\t\t\t\t\t\t\t\t<span class=\"category\">Homepage<\/span>\n\t\t\t\t\t\t\t\t\t\t\t\t\t\t\t\t\t\t\t\n\t\t\t\t\t\t<h4 class=\"title\">Find a seller<\/h4>\n\t\t\t\t\t\t\t\t\t\t\t\t\t<div class=\"text-description\">\n\t\t\t\t\t\t\t\tList of sellers of our discus fishes\n\n\n\t\t\t\t\t\t\t<\/div>\n\t\t\t\t\t\t\t\t\t\t\t\t\t\t\t\t\t\t<a href=\"https:\/\/discus-siner.sk\/en\/find-seller\/\" class=\"more hover-underline\">\n\t\t\t\t\t\t\tView Project\t\t\t\t\t\t\t<span class=\"ion-ios-plus-empty\"><\/span>\n\t\t\t\t\t\t<\/a>\n\t\t\t\t\t\t\t\t\t\t\t<\/div>\n\t\t\t\t<\/div>\n\t\t\t<\/div>\n\t\t<\/a>\n\t<\/div><\/div>\t\t\t\t<div class=\"slider-wrap portfolio-item-wrap\">\n\t<div class=\"portfolio-item grid-4\">\n\t\t\t\t\t<div class=\"image-wrap\" data-norebro-bg-image=\"https:\/\/discus-siner.sk\/wp-content\/uploads\/2021\/08\/7informacie.jpg\"><\/div>\n\t\t\t\t<a href=\"https:\/\/discus-siner.sk\/en\/terms\/\">\n\t\t\t<div class=\"description overlay\">\n\t\t\t\t<div class=\"content-center\">\n\t\t\t\t\t<div class=\"wrap\">\n\t\t\t\t\t\t\n\t\t\t\t\t\t\t\t\t\t\t\t\t\t\t\t\t\t\t\t\t\t\t\t\t\t\t\t\t\t\t\t\t\t<span class=\"category\">Homepage<\/span>\n\t\t\t\t\t\t\t\t\t\t\t\t\t\t\t\t\t\t\t\n\t\t\t\t\t\t<h4 class=\"title\">Terms<\/h4>\n\t\t\t\t\t\t\t\t\t\t\t\t\t<div class=\"text-description\">\n\t\t\t\t\t\t\t\tPlease read carefully before contacting us\t\t\t\t\t\t\t<\/div>\n\t\t\t\t\t\t\t\t\t\t\t\t\t\t\t\t\t\t<a href=\"https:\/\/discus-siner.sk\/en\/terms\/\" class=\"more hover-underline\">\n\t\t\t\t\t\t\tView Project\t\t\t\t\t\t\t<span class=\"ion-ios-plus-empty\"><\/span>\n\t\t\t\t\t\t<\/a>\n\t\t\t\t\t\t\t\t\t\t\t<\/div>\n\t\t\t\t<\/div>\n\t\t\t<\/div>\n\t\t<\/a>\n\t<\/div><\/div>\t\t\t\t<div class=\"slider-wrap portfolio-item-wrap\">\n\t<div class=\"portfolio-item grid-4\">\n\t\t\t\t\t<div class=\"image-wrap\" data-norebro-bg-image=\"https:\/\/discus-siner.sk\/wp-content\/uploads\/2021\/08\/8foto.jpg\"><\/div>\n\t\t\t\t<a href=\"https:\/\/discus-siner.sk\/en\/photos\/\">\n\t\t\t<div class=\"description overlay\">\n\t\t\t\t<div class=\"content-center\">\n\t\t\t\t\t<div class=\"wrap\">\n\t\t\t\t\t\t\n\t\t\t\t\t\t\t\t\t\t\t\t\t\t\t\t\t\t\t\t\t\t\t\t\t\t\t\t\t\t\t\t\t\t<span class=\"category\">Homepage<\/span>\n\t\t\t\t\t\t\t\t\t\t\t\t\t\t\t\t\t\t\t\n\t\t\t\t\t\t<h4 class=\"title\">Photos<\/h4>\n\t\t\t\t\t\t\t\t\t\t\t\t\t<div class=\"text-description\">\n\t\t\t\t\t\t\t\tPhotogallery\n\n\n\t\t\t\t\t\t\t<\/div>\n\t\t\t\t\t\t\t\t\t\t\t\t\t\t\t\t\t\t<a href=\"https:\/\/discus-siner.sk\/en\/photos\/\" class=\"more hover-underline\">\n\t\t\t\t\t\t\tView Project\t\t\t\t\t\t\t<span class=\"ion-ios-plus-empty\"><\/span>\n\t\t\t\t\t\t<\/a>\n\t\t\t\t\t\t\t\t\t\t\t<\/div>\n\t\t\t\t<\/div>\n\t\t\t<\/div>\n\t\t<\/a>\n\t<\/div><\/div>\t\t\t\t<div class=\"slider-wrap portfolio-item-wrap\">\n\t<div class=\"portfolio-item grid-4\">\n\t\t\t\t\t<div class=\"image-wrap\" data-norebro-bg-image=\"https:\/\/discus-siner.sk\/wp-content\/uploads\/2021\/08\/9video.jpg\"><\/div>\n\t\t\t\t<a href=\"https:\/\/discus-siner.sk\/en\/video-2\/\">\n\t\t\t<div class=\"description overlay\">\n\t\t\t\t<div class=\"content-center\">\n\t\t\t\t\t<div class=\"wrap\">\n\t\t\t\t\t\t\n\t\t\t\t\t\t\t\t\t\t\t\t\t\t\t\t\t\t\t\t\t\t\t\t\t\t\t\t\t\t\t\t\t\t<span class=\"category\">Homepage<\/span>\n\t\t\t\t\t\t\t\t\t\t\t\t\t\t\t\t\t\t\t\n\t\t\t\t\t\t<h4 class=\"title\">Videos<\/h4>\n\t\t\t\t\t\t\t\t\t\t\t\t\t<div class=\"text-description\">\n\t\t\t\t\t\t\t\tVideo gallery\t\t\t\t\t\t\t<\/div>\n\t\t\t\t\t\t\t\t\t\t\t\t\t\t\t\t\t\t<a href=\"https:\/\/discus-siner.sk\/en\/video-2\/\" class=\"more hover-underline\">\n\t\t\t\t\t\t\tView Project\t\t\t\t\t\t\t<span class=\"ion-ios-plus-empty\"><\/span>\n\t\t\t\t\t\t<\/a>\n\t\t\t\t\t\t\t\t\t\t\t<\/div>\n\t\t\t\t<\/div>\n\t\t\t<\/div>\n\t\t<\/a>\n\t<\/div><\/div>\t\t\t\t<div class=\"slider-wrap portfolio-item-wrap\">\n\t<div class=\"portfolio-item grid-4\">\n\t\t\t\t\t<div class=\"image-wrap\" data-norebro-bg-image=\"https:\/\/discus-siner.sk\/wp-content\/uploads\/2021\/08\/10kontakt.jpg\"><\/div>\n\t\t\t\t<a href=\"https:\/\/discus-siner.sk\/en\/contact\/\">\n\t\t\t<div class=\"description overlay\">\n\t\t\t\t<div class=\"content-center\">\n\t\t\t\t\t<div class=\"wrap\">\n\t\t\t\t\t\t\n\t\t\t\t\t\t\t\t\t\t\t\t\t\t\t\t\t\t\t\t\t\t\t\t\t\t\t\t\t\t\t\t\t\t<span class=\"category\">Homepage<\/span>\n\t\t\t\t\t\t\t\t\t\t\t\t\t\t\t\t\t\t\t\n\t\t\t\t\t\t<h4 class=\"title\">Contact<\/h4>\n\t\t\t\t\t\t\t\t\t\t\t\t\t<div class=\"text-description\">\n\t\t\t\t\t\t\t\tAsk how we can help you\n\n\n\t\t\t\t\t\t\t<\/div>\n\t\t\t\t\t\t\t\t\t\t\t\t\t\t\t\t\t\t<a href=\"https:\/\/discus-siner.sk\/en\/contact\/\" class=\"more hover-underline\">\n\t\t\t\t\t\t\tView Project\t\t\t\t\t\t\t<span class=\"ion-ios-plus-empty\"><\/span>\n\t\t\t\t\t\t<\/a>\n\t\t\t\t\t\t\t\t\t\t\t<\/div>\n\t\t\t\t<\/div>\n\t\t\t<\/div>\n\t\t<\/a>\n\t<\/div><\/div>\t\t\t<\/div>\n\n\t\t<div class=\"scroll\">\n\t\tScroll\t<\/div>\n\t<\/div>[\/vc_column][\/vc_row]\n","protected":false},"excerpt":{"rendered":"<p>[vc_row full_width=&#8221;stretch_row_content_no_spaces&#8221;][vc_column][\/vc_column][\/vc_row]<\/p>\n","protected":false},"author":1,"featured_media":0,"parent":0,"menu_order":14,"comment_status":"closed","ping_status":"closed","template":"","meta":{"_links_to":"","_links_to_target":""},"yoast_head":"<!-- This site is optimized with the Yoast SEO plugin v18.9 - https:\/\/yoast.com\/wordpress\/plugins\/seo\/ -->\n<title>Home - DISCUS-SINER.sk<\/title>\n<meta name=\"robots\" content=\"index, follow, max-snippet:-1, max-image-preview:large, max-video-preview:-1\" \/>\n<link rel=\"canonical\" href=\"https:\/\/discus-siner.sk\/en\/\" \/>\n<meta property=\"og:locale\" content=\"en_US\" \/>\n<meta property=\"og:type\" content=\"article\" \/>\n<meta property=\"og:title\" content=\"Home - DISCUS-SINER.sk\" \/>\n<meta property=\"og:description\" content=\"[vc_row full_width=&#8221;stretch_row_content_no_spaces&#8221;][vc_column][\/vc_column][\/vc_row]\" \/>\n<meta property=\"og:url\" content=\"https:\/\/discus-siner.sk\/en\/\" \/>\n<meta property=\"og:site_name\" content=\"DISCUS-SINER.sk\" \/>\n<meta property=\"article:publisher\" content=\"https:\/\/www.facebook.com\/Discussiner\/\" \/>\n<meta property=\"article:modified_time\" content=\"2024-07-09T08:49:26+00:00\" \/>\n<meta name=\"twitter:card\" content=\"summary_large_image\" \/>\n<meta name=\"twitter:label1\" content=\"Est. reading time\" \/>\n\t<meta name=\"twitter:data1\" content=\"1 minute\" \/>\n<script type=\"application\/ld+json\" class=\"yoast-schema-graph\">{\"@context\":\"https:\/\/schema.org\",\"@graph\":[{\"@type\":\"Organization\",\"@id\":\"https:\/\/discus-siner.sk\/#organization\",\"name\":\"Discus Siner\",\"url\":\"https:\/\/discus-siner.sk\/\",\"sameAs\":[\"https:\/\/www.instagram.com\/discussiner.sk\/\",\"https:\/\/www.facebook.com\/Discussiner\/\"],\"logo\":{\"@type\":\"ImageObject\",\"inLanguage\":\"en-US\",\"@id\":\"https:\/\/discus-siner.sk\/#\/schema\/logo\/image\/\",\"url\":\"https:\/\/discus-siner.sk\/wp-content\/uploads\/2017\/11\/a3-logo2.png\",\"contentUrl\":\"https:\/\/discus-siner.sk\/wp-content\/uploads\/2017\/11\/a3-logo2.png\",\"width\":612,\"height\":512,\"caption\":\"Discus Siner\"},\"image\":{\"@id\":\"https:\/\/discus-siner.sk\/#\/schema\/logo\/image\/\"}},{\"@type\":\"WebSite\",\"@id\":\"https:\/\/discus-siner.sk\/#website\",\"url\":\"https:\/\/discus-siner.sk\/\",\"name\":\"DISCUS-SINER.sk\",\"description\":\"\",\"publisher\":{\"@id\":\"https:\/\/discus-siner.sk\/#organization\"},\"potentialAction\":[{\"@type\":\"SearchAction\",\"target\":{\"@type\":\"EntryPoint\",\"urlTemplate\":\"https:\/\/discus-siner.sk\/?s={search_term_string}\"},\"query-input\":\"required name=search_term_string\"}],\"inLanguage\":\"en-US\"},{\"@type\":\"WebPage\",\"@id\":\"https:\/\/discus-siner.sk\/en\/#webpage\",\"url\":\"https:\/\/discus-siner.sk\/en\/\",\"name\":\"Home - DISCUS-SINER.sk\",\"isPartOf\":{\"@id\":\"https:\/\/discus-siner.sk\/#website\"},\"datePublished\":\"2017-08-09T10:20:02+00:00\",\"dateModified\":\"2024-07-09T08:49:26+00:00\",\"breadcrumb\":{\"@id\":\"https:\/\/discus-siner.sk\/en\/#breadcrumb\"},\"inLanguage\":\"en-US\",\"potentialAction\":[{\"@type\":\"ReadAction\",\"target\":[\"https:\/\/discus-siner.sk\/en\/\"]}]},{\"@type\":\"BreadcrumbList\",\"@id\":\"https:\/\/discus-siner.sk\/en\/#breadcrumb\",\"itemListElement\":[{\"@type\":\"ListItem\",\"position\":1,\"name\":\"Home\",\"item\":\"https:\/\/discus-siner.sk\/en\/\"},{\"@type\":\"ListItem\",\"position\":2,\"name\":\"Home\"}]}]}<\/script>\n<!-- \/ Yoast SEO plugin. -->","yoast_head_json":{"title":"Home - DISCUS-SINER.sk","robots":{"index":"index","follow":"follow","max-snippet":"max-snippet:-1","max-image-preview":"max-image-preview:large","max-video-preview":"max-video-preview:-1"},"canonical":"https:\/\/discus-siner.sk\/en\/","og_locale":"en_US","og_type":"article","og_title":"Home - DISCUS-SINER.sk","og_description":"[vc_row full_width=&#8221;stretch_row_content_no_spaces&#8221;][vc_column][\/vc_column][\/vc_row]","og_url":"https:\/\/discus-siner.sk\/en\/","og_site_name":"DISCUS-SINER.sk","article_publisher":"https:\/\/www.facebook.com\/Discussiner\/","article_modified_time":"2024-07-09T08:49:26+00:00","twitter_card":"summary_large_image","twitter_misc":{"Est. reading time":"1 minute"},"schema":{"@context":"https:\/\/schema.org","@graph":[{"@type":"Organization","@id":"https:\/\/discus-siner.sk\/#organization","name":"Discus Siner","url":"https:\/\/discus-siner.sk\/","sameAs":["https:\/\/www.instagram.com\/discussiner.sk\/","https:\/\/www.facebook.com\/Discussiner\/"],"logo":{"@type":"ImageObject","inLanguage":"en-US","@id":"https:\/\/discus-siner.sk\/#\/schema\/logo\/image\/","url":"https:\/\/discus-siner.sk\/wp-content\/uploads\/2017\/11\/a3-logo2.png","contentUrl":"https:\/\/discus-siner.sk\/wp-content\/uploads\/2017\/11\/a3-logo2.png","width":612,"height":512,"caption":"Discus Siner"},"image":{"@id":"https:\/\/discus-siner.sk\/#\/schema\/logo\/image\/"}},{"@type":"WebSite","@id":"https:\/\/discus-siner.sk\/#website","url":"https:\/\/discus-siner.sk\/","name":"DISCUS-SINER.sk","description":"","publisher":{"@id":"https:\/\/discus-siner.sk\/#organization"},"potentialAction":[{"@type":"SearchAction","target":{"@type":"EntryPoint","urlTemplate":"https:\/\/discus-siner.sk\/?s={search_term_string}"},"query-input":"required name=search_term_string"}],"inLanguage":"en-US"},{"@type":"WebPage","@id":"https:\/\/discus-siner.sk\/en\/#webpage","url":"https:\/\/discus-siner.sk\/en\/","name":"Home - DISCUS-SINER.sk","isPartOf":{"@id":"https:\/\/discus-siner.sk\/#website"},"datePublished":"2017-08-09T10:20:02+00:00","dateModified":"2024-07-09T08:49:26+00:00","breadcrumb":{"@id":"https:\/\/discus-siner.sk\/en\/#breadcrumb"},"inLanguage":"en-US","potentialAction":[{"@type":"ReadAction","target":["https:\/\/discus-siner.sk\/en\/"]}]},{"@type":"BreadcrumbList","@id":"https:\/\/discus-siner.sk\/en\/#breadcrumb","itemListElement":[{"@type":"ListItem","position":1,"name":"Home","item":"https:\/\/discus-siner.sk\/en\/"},{"@type":"ListItem","position":2,"name":"Home"}]}]}},"_links":{"self":[{"href":"https:\/\/discus-siner.sk\/en\/wp-json\/wp\/v2\/pages\/5656564"}],"collection":[{"href":"https:\/\/discus-siner.sk\/en\/wp-json\/wp\/v2\/pages"}],"about":[{"href":"https:\/\/discus-siner.sk\/en\/wp-json\/wp\/v2\/types\/page"}],"author":[{"embeddable":true,"href":"https:\/\/discus-siner.sk\/en\/wp-json\/wp\/v2\/users\/1"}],"replies":[{"embeddable":true,"href":"https:\/\/discus-siner.sk\/en\/wp-json\/wp\/v2\/comments?post=5656564"}],"version-history":[{"count":3,"href":"https:\/\/discus-siner.sk\/en\/wp-json\/wp\/v2\/pages\/5656564\/revisions"}],"predecessor-version":[{"id":5656678,"href":"https:\/\/discus-siner.sk\/en\/wp-json\/wp\/v2\/pages\/5656564\/revisions\/5656678"}],"wp:attachment":[{"href":"https:\/\/discus-siner.sk\/en\/wp-json\/wp\/v2\/media?parent=5656564"}],"curies":[{"name":"wp","href":"https:\/\/api.w.org\/{rel}","templated":true}]}}