{"id":5656567,"date":"2017-11-23T13:54:26","date_gmt":"2017-11-23T12:54:26","guid":{"rendered":"https:\/\/discus-siner.sk\/o-nas\/"},"modified":"2024-07-09T12:57:49","modified_gmt":"2024-07-09T10:57:49","slug":"about-us","status":"publish","type":"page","link":"https:\/\/discus-siner.sk\/en\/about-us\/","title":{"rendered":"About us"},"content":{"rendered":"[vc_row][vc_column width=&#8221;1\/2&#8243;][vc_column_text]\n<h1>DISCUS-SINER.SK<\/h1>\n<p>Discus &#8211; Siner is the family business, whose mind and heart is the fish keeper <strong>Jozef Min\u010d\u00e1k<\/strong>, the economic section is being taking care of by the executive manager <strong>Ant\u00f3nia Min\u010d\u00e1kov\u00e1<\/strong> and their son <strong>Daniel Min\u010d\u00e1k<\/strong> is in charge of a promotion and communication with a foreign clients.<\/p>\n<p>Jozef Min\u010d\u00e1k\u00b4s taken up an interest in the aquaristics 40 years ago, and since 1995 specializes on the Discus keeping. Our family business has started commercial fish keeping in 2002. We are from Slovakia, from Barto\u0161ovce, near the historical city of Bardejov. In 2007 we have built the new hall, where we have connected Jozef Min\u010d\u00e1k\u00b4s fish keeping experiences with the available technologies, which we keep up to date. Nowadays, the capacity of our tanks is 80 000 litres of water on the area of about 300 square metres. We are constantly working hard on the high quality of a fish we are keeping. There is always a sufficient amount of a diffrent color varieties in our tanks, which you can find on the global Discus\u00b4s market. We also offer them in a diffrent sizes.<\/p>\n<div id=\"gtx-trans\" style=\"position: absolute; left: 199px; top: 160.875px;\">\n<div class=\"gtx-trans-icon\"><\/div>\n<\/div>\n[\/vc_column_text][\/vc_column][vc_column width=&#8221;1\/2&#8243;][vc_empty_space height=&#8221;30&#8243;][vc_video link=&#8221;https:\/\/youtu.be\/wkd4oEmQ8bI&#8221; align=&#8221;center&#8221;][\/vc_column][\/vc_row][vc_row][vc_column][vc_column_text]\n<h2>About us<\/h2>\n<p>Our philosophy in the Discus keeping is to create such a conditions for them, in terms of a water rate\u00b4s ( the filtration, the capacity of the tanks) and a feed, so they will grow fast and have a strong imunity. Therefore they can reach nice disc-shaped body and a size with good following adaptation on a new evironment in our customer\u00b4s aquariums.<\/p>\n<p>We\u00b4ve managed to achieve, during the years, that our fish don\u00b4t have a parasites as gill\u00b4s worms, nematodes (capillaria sp., camallanus sp., oxyuris sp.) and testodes (tapeworms). These parasites inhibit the growth, mostly in a small fish up to 5 centimetres, but also limit the prosperity of a fish of all the sizes. A whipworms are latent parasites, which help with the digestion in the intestines of a fish. Once the imunity is lost, which can be caused by the problems with a water, but mainly by a low quality feed, these parasite will start to reproduce fast. As a result of this process, fish will stop to eat, therefore cannot grow and may die. Until 2013, we were feeding our fish with the mixture of a beef heart with a vitamins and a granules from a diffrent comercial brands. We\u00b4ve discovered, after this kind of feeding, that some of a fish will grow very well, but others will fall behind and won\u00b4t flourish. That was the reason why we\u00b4ve started with developing our own feeding mixtures. At first, it was the frozen mixtures based on a beef heart, later we were adding another protein components, starches, algae, herbs and a componets for fish coloring. We\u00b4ve found out, that in the frozen form, fish cannot receive all of the neccesary components, which would provide them with the full nutrition. That\u00b4s why we\u00b4ve started to try feeding them with a granules from a diffrent companies, but it only proved, that if we want the full, well-balanced nutrition, there isn\u00b4t a complete feed for Discus to be found on the market. It was either granules with a high protein contents, the others contained algae or probiotics and it turned out, that while they would accept one kind of a feed, they would refuse another one, which in the end would raise the prices of a feed, because of the need to buy more kinds and change water more frequently, as not all of the granules were being consumed.<\/p>\n<p>Based on all of these findings, we\u00b4ve decided to come up with our own formula, which would contain, without the compromises, all of the componets needed for a full and well-balanced diet for a rare fish, such as Discus, and also for a wild catch. In 2018, after the years of trying in our breeding facilities, we\u00b4ve brought to the market our own brand of the granules ROYAL MENU. These granules meet all of the requirements for feeding a fish from the 10th day of their lives up to an adult fish, because we offer them in a 5 diffrent fractions. Fish of all the sizes take our granules heartily.<\/p>\n<p>ROYAL MENU granules contain the complex components for a fish nutrition, starting with proteins, through different kinds of medicinal herbs, shiitake mushrooms, chia seed oil to probiotics and prebiotics, which all come together to help nutrient\u00b4s absorbtion from a feed, maintain a very strong imunity, provide a balanced growth and a beautiful colouring of a fish. Thanks to this complete formula in one, it is also a very economic solution, because fish will get the complete nutrition without the compromises in one product, so it is not needed to mix it together from a diffrent products.[\/vc_column_text][\/vc_column][\/vc_row][vc_row][vc_column][vc_column_text]\n<h2>Our breeding facilities<\/h2>\n<p>Our breeding facilities are situated in the separate building, which was designed from the beginning, construction and technologically speaking, for the Discus keeping, and contains 5 rooms on the 300 square meters area.[\/vc_column_text][\/vc_column][\/vc_row][vc_row][vc_column][vc_empty_space height=&#8221;70px&#8221;][\/vc_column][\/vc_row][vc_row][vc_column width=&#8221;1\/3&#8243;][vc_column_text]\n<h2>1st room<\/h2>\n[\/vc_column_text][vc_column_text]In the first room, there are 4 pools with capacity of 5000 litres, 5th pool is designed in an \u201eamazon style\u201c and serves as a decorative tank. In this room, there are also tanks for a young, growing up breeding fish.[\/vc_column_text][\/vc_column][vc_column width=&#8221;1\/3&#8243;][vc_single_image image=&#8221;5652354&#8243; img_size=&#8221;medium&#8221; alignment=&#8221;center&#8221; style=&#8221;vc_box_shadow_3d&#8221; css_animation=&#8221;appear&#8221;][\/vc_column][vc_column width=&#8221;1\/3&#8243;][vc_single_image image=&#8221;5652355&#8243; img_size=&#8221;medium&#8221; alignment=&#8221;center&#8221; style=&#8221;vc_box_shadow_3d&#8221; css_animation=&#8221;appear&#8221;][\/vc_column][\/vc_row][vc_row][vc_column][vc_empty_space height=&#8221;5px&#8221;][\/vc_column][\/vc_row][vc_row][vc_column width=&#8221;1\/3&#8243;][vc_column_text]\n<h2>2nd room<\/h2>\n<div id=\"gtx-trans\" style=\"position: absolute; left: 47px; top: -4.09375px;\">\n<div class=\"gtx-trans-icon\"><\/div>\n<\/div>\n[\/vc_column_text][vc_column_text]The second room is so-called fish reproducer, which contains the tanks for a pairs and for a breeding of an young fish from 1 to 6 centimeters. We let our carefully chosen breeding pairs breed their own offsprings to ensure their good immunity and growth. We are also feeding them, after they start to swim from the 5th day, freshly hatched artemia (brine shrimp), and from the 10th day they very well accept the smallest fraction XS of our ROYAL MENU granules.[\/vc_column_text][\/vc_column][vc_column width=&#8221;1\/3&#8243;][vc_empty_space height=&#8221;60px&#8221;][vc_single_image image=&#8221;5652365&#8243; img_size=&#8221;medium&#8221; alignment=&#8221;center&#8221; style=&#8221;vc_box_shadow_3d&#8221; css_animation=&#8221;appear&#8221;][\/vc_column][vc_column width=&#8221;1\/3&#8243;][vc_empty_space height=&#8221;60px&#8221;][vc_single_image image=&#8221;5652364&#8243; img_size=&#8221;medium&#8221; alignment=&#8221;center&#8221; style=&#8221;vc_box_shadow_3d&#8221; css_animation=&#8221;appear&#8221;][\/vc_column][\/vc_row][vc_row][vc_column][vc_empty_space height=&#8221;70px&#8221;][\/vc_column][\/vc_row][vc_row][vc_column width=&#8221;1\/3&#8243;][vc_column_text]\n<h2>3rd room<\/h2>\n<div id=\"gtx-trans\" style=\"position: absolute; left: 44px; top: 51.9062px;\">\n<div class=\"gtx-trans-icon\"><\/div>\n<\/div>\n[\/vc_column_text][vc_column_text]In the third room, there are 12 tanks situated, with the capacity of 1000 liters of water for a fish available for sale. It is possible to visit our commercial premises after the previous arrangement.[\/vc_column_text][\/vc_column][vc_column width=&#8221;1\/3&#8243;][vc_single_image image=&#8221;5652366&#8243; img_size=&#8221;medium&#8221; alignment=&#8221;center&#8221; style=&#8221;vc_box_shadow_3d&#8221; css_animation=&#8221;appear&#8221;][\/vc_column][vc_column width=&#8221;1\/3&#8243;][vc_single_image image=&#8221;5653457&#8243; img_size=&#8221;medium&#8221; alignment=&#8221;center&#8221; style=&#8221;vc_box_shadow_3d&#8221; css_animation=&#8221;appear&#8221;][\/vc_column][\/vc_row][vc_row][vc_column][vc_empty_space height=&#8221;70px&#8221;][\/vc_column][\/vc_row][vc_row][vc_column width=&#8221;1\/4&#8243;][vc_empty_space height=&#8221;20&#8243;][vc_single_image image=&#8221;5652375&#8243; img_size=&#8221;medium&#8221; alignment=&#8221;center&#8221; style=&#8221;vc_box_shadow_3d&#8221; css_animation=&#8221;appear&#8221;][\/vc_column][vc_column width=&#8221;3\/4&#8243;][vc_column_text]\n<h2>4th room<\/h2>\n<p>Technological part of the procces is being taken care of in the fourth room. There is a system of the water tanks with full capacity of 8000 litres, the equipment for water heating using a solar panels and a boiler running on a natural gas, whereas heat distribution is solved by a special technology. It is a combination of heating the base of the tank for the aquariums and the pools are being heated up by a specially made stainless steel spiral, located in a filtration part. Heating is regulated in several circuits through a thermostats. All of the rooms are being ventilated using a recuperative unit of an air technology (exhaustion and an exhalation units in the ceiling), which is operated by a sensor for a humidity measurment.[\/vc_column_text][\/vc_column][\/vc_row][vc_row][vc_column][vc_empty_space height=&#8221;70px&#8221;][\/vc_column][\/vc_row][vc_row][vc_column width=&#8221;1\/4&#8243;][vc_single_image image=&#8221;5653206&#8243; img_size=&#8221;medium&#8221; alignment=&#8221;center&#8221; style=&#8221;vc_box_shadow_3d&#8221; css_animation=&#8221;appear&#8221;][\/vc_column][vc_column width=&#8221;3\/4&#8243;][vc_column_text]\n<h2>5th room<\/h2>\n<p>We added this part of the building in 2020 and it serves as a dry feed storage for our ROYAL MENU brand. From this unit we are distributing the feed for our customers from all over the world.[\/vc_column_text][\/vc_column][\/vc_row][vc_row][vc_column][vc_empty_space][\/vc_column][\/vc_row][vc_row][vc_column width=&#8221;1\/4&#8243;][\/vc_column][vc_column width=&#8221;3\/4&#8243;][vc_column_text]\n<h2>The care<\/h2>\n[\/vc_column_text][\/vc_column][\/vc_row][vc_row][vc_column width=&#8221;1\/4&#8243;][vc_single_image image=&#8221;5653458&#8243; img_size=&#8221;medium&#8221; alignment=&#8221;center&#8221; style=&#8221;vc_box_shadow_3d&#8221; css_animation=&#8221;appear&#8221;][\/vc_column][vc_column width=&#8221;3\/4&#8243;][vc_column_text]Temperature in our breeding facilities is being kept in a range from 29 to 31\u00b0C, conductivity of our breeding water is in a range from 250 to 350 \u00b5S\/cm, \u00b0kH is in a range from 2 to 6 and pH is in a range from 6,5 to 7,5. Inlet water used for a fish breeding has value of 7,5 pH, conductivity of 300 \u00b5S\/cm and 5 \u00b0kH. The source for the water is from the forest stream, flowing down from the \u010cerhov hills in the northeast of Slovakia. This location is considered to be one of the purest in the Europe.<\/p>\n<p>For the water regulation for a spawning we are using an industrial osmosis, which can produce 3000 liters of water with the conductivity of 1 to 8 \u00b5S\/cm. For finalization of water for a spawning we are using diffrent kinds of a special salts.<\/p>\n<p>The health of the fish and their constant appetite is being ensured by clean water. For this purpose, we are using a multistage filtration working in 8 circuits. The capacity of the filters is from 600 to 1000 litres. The first chamber is being used for a mechanical filtration and the middle chambers for a biological filtration are constantly using an air powered and rotating BioChips. Another chamber is a bioceramics and in the last one, based on the need, we are using the ion exchangers, form the SZAT company, for the removal of the high rates of NO3 and PO4 and for the crystal clear water in the tanks. Every chamber has its own exhaustion system, for a regular water replacement and a sediment removal, as well as an individual water inlet.<\/p>\n<p>We are feeding our fish daily, from the 10th day until the maturity, with ROYAL MENU granules and to make it more varied, few times a week, we serve them a frozen artemia or red mosquito larvae. Discus up to 5 centimetres are also being fed frozen mixtures based on a beef heart and a fish.[\/vc_column_text][\/vc_column][\/vc_row][vc_row][vc_column][\/vc_column][\/vc_row]\n","protected":false},"excerpt":{"rendered":"<p>[vc_row][vc_column width=&#8221;1\/2&#8243;][vc_column_text] DISCUS-SINER.SK Discus &#8211; Siner is the family business, whose mind and heart&#8230;<\/p>\n","protected":false},"author":1,"featured_media":0,"parent":0,"menu_order":27,"comment_status":"closed","ping_status":"closed","template":"","meta":{"_links_to":"","_links_to_target":""},"yoast_head":"<!-- This site is optimized with the Yoast SEO plugin v18.9 - https:\/\/yoast.com\/wordpress\/plugins\/seo\/ -->\n<title>About us - DISCUS-SINER.sk<\/title>\n<meta name=\"robots\" content=\"index, follow, max-snippet:-1, max-image-preview:large, max-video-preview:-1\" \/>\n<link rel=\"canonical\" href=\"https:\/\/discus-siner.sk\/en\/about-us\/\" \/>\n<meta property=\"og:locale\" content=\"en_US\" \/>\n<meta property=\"og:type\" content=\"article\" \/>\n<meta property=\"og:title\" content=\"About us - DISCUS-SINER.sk\" \/>\n<meta property=\"og:description\" content=\"[vc_row][vc_column width=&#8221;1\/2&#8243;][vc_column_text] DISCUS-SINER.SK Discus &#8211; Siner is the family business, whose mind and heart...\" \/>\n<meta property=\"og:url\" content=\"https:\/\/discus-siner.sk\/en\/about-us\/\" \/>\n<meta property=\"og:site_name\" content=\"DISCUS-SINER.sk\" \/>\n<meta property=\"article:publisher\" content=\"https:\/\/www.facebook.com\/Discussiner\/\" \/>\n<meta property=\"article:modified_time\" content=\"2024-07-09T10:57:49+00:00\" \/>\n<meta name=\"twitter:card\" content=\"summary_large_image\" \/>\n<meta name=\"twitter:label1\" content=\"Est. reading time\" \/>\n\t<meta name=\"twitter:data1\" content=\"4 minutes\" \/>\n<script type=\"application\/ld+json\" class=\"yoast-schema-graph\">{\"@context\":\"https:\/\/schema.org\",\"@graph\":[{\"@type\":\"Organization\",\"@id\":\"https:\/\/discus-siner.sk\/#organization\",\"name\":\"Discus Siner\",\"url\":\"https:\/\/discus-siner.sk\/\",\"sameAs\":[\"https:\/\/www.instagram.com\/discussiner.sk\/\",\"https:\/\/www.facebook.com\/Discussiner\/\"],\"logo\":{\"@type\":\"ImageObject\",\"inLanguage\":\"en-US\",\"@id\":\"https:\/\/discus-siner.sk\/#\/schema\/logo\/image\/\",\"url\":\"https:\/\/discus-siner.sk\/wp-content\/uploads\/2017\/11\/a3-logo2.png\",\"contentUrl\":\"https:\/\/discus-siner.sk\/wp-content\/uploads\/2017\/11\/a3-logo2.png\",\"width\":612,\"height\":512,\"caption\":\"Discus Siner\"},\"image\":{\"@id\":\"https:\/\/discus-siner.sk\/#\/schema\/logo\/image\/\"}},{\"@type\":\"WebSite\",\"@id\":\"https:\/\/discus-siner.sk\/#website\",\"url\":\"https:\/\/discus-siner.sk\/\",\"name\":\"DISCUS-SINER.sk\",\"description\":\"\",\"publisher\":{\"@id\":\"https:\/\/discus-siner.sk\/#organization\"},\"potentialAction\":[{\"@type\":\"SearchAction\",\"target\":{\"@type\":\"EntryPoint\",\"urlTemplate\":\"https:\/\/discus-siner.sk\/?s={search_term_string}\"},\"query-input\":\"required name=search_term_string\"}],\"inLanguage\":\"en-US\"},{\"@type\":\"WebPage\",\"@id\":\"https:\/\/discus-siner.sk\/en\/about-us\/#webpage\",\"url\":\"https:\/\/discus-siner.sk\/en\/about-us\/\",\"name\":\"About us - DISCUS-SINER.sk\",\"isPartOf\":{\"@id\":\"https:\/\/discus-siner.sk\/#website\"},\"datePublished\":\"2017-11-23T12:54:26+00:00\",\"dateModified\":\"2024-07-09T10:57:49+00:00\",\"breadcrumb\":{\"@id\":\"https:\/\/discus-siner.sk\/en\/about-us\/#breadcrumb\"},\"inLanguage\":\"en-US\",\"potentialAction\":[{\"@type\":\"ReadAction\",\"target\":[\"https:\/\/discus-siner.sk\/en\/about-us\/\"]}]},{\"@type\":\"BreadcrumbList\",\"@id\":\"https:\/\/discus-siner.sk\/en\/about-us\/#breadcrumb\",\"itemListElement\":[{\"@type\":\"ListItem\",\"position\":1,\"name\":\"Home\",\"item\":\"https:\/\/discus-siner.sk\/en\/\"},{\"@type\":\"ListItem\",\"position\":2,\"name\":\"About us\"}]}]}<\/script>\n<!-- \/ Yoast SEO plugin. -->","yoast_head_json":{"title":"About us - DISCUS-SINER.sk","robots":{"index":"index","follow":"follow","max-snippet":"max-snippet:-1","max-image-preview":"max-image-preview:large","max-video-preview":"max-video-preview:-1"},"canonical":"https:\/\/discus-siner.sk\/en\/about-us\/","og_locale":"en_US","og_type":"article","og_title":"About us - DISCUS-SINER.sk","og_description":"[vc_row][vc_column width=&#8221;1\/2&#8243;][vc_column_text] DISCUS-SINER.SK Discus &#8211; Siner is the family business, whose mind and heart...","og_url":"https:\/\/discus-siner.sk\/en\/about-us\/","og_site_name":"DISCUS-SINER.sk","article_publisher":"https:\/\/www.facebook.com\/Discussiner\/","article_modified_time":"2024-07-09T10:57:49+00:00","twitter_card":"summary_large_image","twitter_misc":{"Est. reading time":"4 minutes"},"schema":{"@context":"https:\/\/schema.org","@graph":[{"@type":"Organization","@id":"https:\/\/discus-siner.sk\/#organization","name":"Discus Siner","url":"https:\/\/discus-siner.sk\/","sameAs":["https:\/\/www.instagram.com\/discussiner.sk\/","https:\/\/www.facebook.com\/Discussiner\/"],"logo":{"@type":"ImageObject","inLanguage":"en-US","@id":"https:\/\/discus-siner.sk\/#\/schema\/logo\/image\/","url":"https:\/\/discus-siner.sk\/wp-content\/uploads\/2017\/11\/a3-logo2.png","contentUrl":"https:\/\/discus-siner.sk\/wp-content\/uploads\/2017\/11\/a3-logo2.png","width":612,"height":512,"caption":"Discus Siner"},"image":{"@id":"https:\/\/discus-siner.sk\/#\/schema\/logo\/image\/"}},{"@type":"WebSite","@id":"https:\/\/discus-siner.sk\/#website","url":"https:\/\/discus-siner.sk\/","name":"DISCUS-SINER.sk","description":"","publisher":{"@id":"https:\/\/discus-siner.sk\/#organization"},"potentialAction":[{"@type":"SearchAction","target":{"@type":"EntryPoint","urlTemplate":"https:\/\/discus-siner.sk\/?s={search_term_string}"},"query-input":"required name=search_term_string"}],"inLanguage":"en-US"},{"@type":"WebPage","@id":"https:\/\/discus-siner.sk\/en\/about-us\/#webpage","url":"https:\/\/discus-siner.sk\/en\/about-us\/","name":"About us - DISCUS-SINER.sk","isPartOf":{"@id":"https:\/\/discus-siner.sk\/#website"},"datePublished":"2017-11-23T12:54:26+00:00","dateModified":"2024-07-09T10:57:49+00:00","breadcrumb":{"@id":"https:\/\/discus-siner.sk\/en\/about-us\/#breadcrumb"},"inLanguage":"en-US","potentialAction":[{"@type":"ReadAction","target":["https:\/\/discus-siner.sk\/en\/about-us\/"]}]},{"@type":"BreadcrumbList","@id":"https:\/\/discus-siner.sk\/en\/about-us\/#breadcrumb","itemListElement":[{"@type":"ListItem","position":1,"name":"Home","item":"https:\/\/discus-siner.sk\/en\/"},{"@type":"ListItem","position":2,"name":"About us"}]}]}},"_links":{"self":[{"href":"https:\/\/discus-siner.sk\/en\/wp-json\/wp\/v2\/pages\/5656567"}],"collection":[{"href":"https:\/\/discus-siner.sk\/en\/wp-json\/wp\/v2\/pages"}],"about":[{"href":"https:\/\/discus-siner.sk\/en\/wp-json\/wp\/v2\/types\/page"}],"author":[{"embeddable":true,"href":"https:\/\/discus-siner.sk\/en\/wp-json\/wp\/v2\/users\/1"}],"replies":[{"embeddable":true,"href":"https:\/\/discus-siner.sk\/en\/wp-json\/wp\/v2\/comments?post=5656567"}],"version-history":[{"count":4,"href":"https:\/\/discus-siner.sk\/en\/wp-json\/wp\/v2\/pages\/5656567\/revisions"}],"predecessor-version":[{"id":5656574,"href":"https:\/\/discus-siner.sk\/en\/wp-json\/wp\/v2\/pages\/5656567\/revisions\/5656574"}],"wp:attachment":[{"href":"https:\/\/discus-siner.sk\/en\/wp-json\/wp\/v2\/media?parent=5656567"}],"curies":[{"name":"wp","href":"https:\/\/api.w.org\/{rel}","templated":true}]}}