{"id":5656584,"date":"2017-11-23T13:56:58","date_gmt":"2017-11-23T12:56:58","guid":{"rendered":"https:\/\/discus-siner.sk\/ocenenia\/"},"modified":"2024-06-25T11:40:28","modified_gmt":"2024-06-25T09:40:28","slug":"awards","status":"publish","type":"page","link":"https:\/\/discus-siner.sk\/en\/awards\/","title":{"rendered":"Awards"},"content":{"rendered":"[vc_row][vc_column][vc_column_text]\n<h1>Siner, s.r.o.<\/h1>\n[\/vc_column_text][\/vc_column][\/vc_row][vc_row][vc_column width=&#8221;4\/6&#8243;][vc_column_text]Discus &#8211; Siner is the family business, whose mind and heart is the fish keeper <strong>Jozef Min\u010d\u00e1k<\/strong>, the economic section is being taking care of by the executive manager <strong>Ant\u00f3nia Min\u010d\u00e1kov\u00e1<\/strong> and their son <strong>Daniel Min\u010d\u00e1k<\/strong> is in charge of a promotion and communication with a foreign clients.<\/p>\n<p>Jozef Min\u010d\u00e1k\u00b4s taken up an interest in the aquaristics 40 years ago, and since 1995 specializes on the Discus keeping. Our family business has started commercial fish keeping in 2002. We are from Slovakia, from Barto\u0161ovce, near the historical city of Bardejov. In 2007 we have built the new hall, where we have connected Jozef Min\u010d\u00e1k\u00b4s fish keeping experiences with the available technologies, which we keep up to date. Nowadays, the capacity of our tanks is 80 000 litres of water on the area of about 300 square metres. We are constantly working hard on the high quality of a fish we are keeping. There is always a sufficient amount of a diffrent color varieties in our tanks, which you can find on the global Discus\u00b4s market. We also offer them in a diffrent sizes.[\/vc_column_text][\/vc_column][vc_column width=&#8221;2\/6&#8243;][vc_single_image image=&#8221;5652823&#8243; img_size=&#8221;medium&#8221; alignment=&#8221;center&#8221; style=&#8221;vc_box_shadow_3d&#8221; css_animation=&#8221;appear&#8221;][\/vc_column][\/vc_row][vc_row][vc_column][vc_column_text]\n<h1 style=\"text-align: center;\">Awards<\/h1>\n<p>&nbsp;<\/p>\n<div id=\"gtx-trans\" style=\"position: absolute; left: 218px; top: -0.5625px;\">\n<div class=\"gtx-trans-icon\"><\/div>\n<\/div>\n[\/vc_column_text][\/vc_column][\/vc_row][vc_row][vc_column width=&#8221;1\/3&#8243;]<div class=\"norebro-timeline-sc timeline right\">\n\n\t<div class=\"content\" id=\"norebro-custom-69ece76c5bae3\">\n\t<div class=\"wrap hidden\" data-norebro-scroll-anim=\"hidden\">\n\t\t\n\t\t<h3 class=\"title\">3. POLISH DISCUS CHAMPIONSHIP, WARSAW 2011<\/h3>\n\t\t\n\t\t<p class=\"subtitle\">Our discus fish finished 3rd in overall classification, category \u201cSpotted\u201d<\/p>\n\t\t<p class=\"description\">category \u201cSpotted\u201d : 2. place<br \/>\ncategory \u201cGreen\u201d : 2. place<br \/>\ncategory \u201cSolid\u201d : 3. place<br \/>\ncategory \u201cE. Striped Turquoise\u201d : 3. place<\/p>\n\t\t\n\t\t\n\t<\/div>\n<\/div><div class=\"content\" id=\"norebro-custom-69ece76c5bc79\">\n\t<div class=\"wrap hidden\" data-norebro-scroll-anim=\"hidden\">\n\t\t\n\t\t<h3 class=\"title\">4. CZECH DISCUS CHAMPIONSHIP, \u010cESK\u00c1 L\u00cdPA 2009<\/h3>\n\t\t\n\t\t<p class=\"subtitle\">Overall winner of this exhibition has become our discus fish, who won the contest for the best breeding form<\/p>\n\t\t<p class=\"description\">category Open class full color : 1. place<br \/>\ncategory Solid Turquoise : 1. place<br \/>\ncategory Striped Turquoise : 2. place<br \/>\ncategory RED Spotted : 3. place<\/p>\n\t\t\n\t\t\n\t<\/div>\n<\/div><div class=\"content\" id=\"norebro-custom-69ece76c5bd66\">\n\t<div class=\"wrap hidden\" data-norebro-scroll-anim=\"hidden\">\n\t\t\n\t\t<h3 class=\"title\">2. POLISH DISCUS CHAMPIONSHIP, KRAKOW 2008<\/h3>\n\t\t\n\t\t<p class=\"subtitle\">Our discus fish finished 3rd in overall classification, category \u201cOpen class\u201d<\/p>\n\t\t<p class=\"description\">category \u201cOpen class\u201c : 1. place<br \/>\ncategory Pigeon Blood : 3. place<br \/>\ncategory Snake Skin : 3. place<\/p>\n\t\t\n\t\t\n\t<\/div>\n<\/div><div class=\"content\" id=\"norebro-custom-69ece76c5be29\">\n\t<div class=\"wrap hidden\" data-norebro-scroll-anim=\"hidden\">\n\t\t\n\t\t<h3 class=\"title\">1. POLISH DISCUS CHAMPIONSHIP, KRAKOW 2006<\/h3>\n\t\t\n\t\t<p class=\"subtitle\">The overall winner and best breeding forms became our white diskus who competed in the category \u201cOpen class\u201d<\/p>\n\t\t<p class=\"description\">category \u201cOpen class\u201d : 1. place<br \/>\ncategory RED : 2. place<br \/>\ncategory RED Turquoise : 3. place<br \/>\ncategory Snake Skin : 3. place<\/p>\n\t\t\n\t\t\n\t<\/div>\n<\/div><div class=\"content\" id=\"norebro-custom-69ece76c5beee\">\n\t<div class=\"wrap hidden\" data-norebro-scroll-anim=\"hidden\">\n\t\t\n\t\t<h3 class=\"title\">2. CZECH DISCUS BREEDERS CHAMPIONSHIP, PRAHA 2005<\/h3>\n\t\t\n\t\t<p class=\"subtitle\"><\/p>\n\t\t<p class=\"description\">category Pigeon Blood: 1. place a 3. place<br \/>\ncategory RED : 2. place<br \/>\ncategory RED Turquoise : 2. place<br \/>\ncategory Striped Turquoise : 2. place<br \/>\ncategory \u201cOpen class\u201c : 2. place<\/p>\n\t\t\n\t\t\n\t<\/div>\n<\/div><div class=\"content\" id=\"norebro-custom-69ece76c5bfac\">\n\t<div class=\"wrap hidden\" data-norebro-scroll-anim=\"hidden\">\n\t\t\n\t\t<h3 class=\"title\">1. CZECH DISCUS BREEDERS CHAMPIONSHIP, OSTRAVA 2004<\/h3>\n\t\t\n\t\t<p class=\"subtitle\">Our first show in our overall ranking: 7th RED Turquois place<\/p>\n\t\t<p class=\"description\"><br \/>\n<b>Warning<\/b>:  Undefined variable $description in <b>\/data\/9\/f\/9fd3dac1-145b-4492-8acf-ad93909ecbaa\/discus-siner.sk\/web\/wp-content\/plugins\/norebro-extra\/shortcodes\/timeline_inner\/timeline_inner__view.php<\/b> on line <b>14<\/b><br \/>\n<\/p>\n\t\t\n\t\t\n\t<\/div>\n<\/div>\n<\/div>[\/vc_column][vc_column width=&#8221;2\/3&#8243;]<div class=\"norebro-timeline-sc timeline\">\n\n\t\n<\/div>[vc_text_separator title=&#8221;3. POLISH DISCUS CHAMPIONSHIP, WARSAW 2011&#8243;][vc_empty_space][vc_masonry_media_grid element_width=&#8221;2&#8243; grid_id=&#8221;vc_gid:1632589271546-9816ad64f2abc7d2b9a3cc9ef284fe3f-3&#8243; include=&#8221;5652845,5652846,5652847,5652848,5652849,5652850,5652851,5652852,5652853&#8243;][vc_empty_space][vc_text_separator title=&#8221;4. CZECH DISCUS CHAMPIONSHIP, \u010cESK\u00c1 L\u00cdPA 2009&#8243;][vc_empty_space][vc_masonry_media_grid grid_id=&#8221;vc_gid:1632589271651-663212020e47c5bb837f0d2fda6e2db0-0&#8243; include=&#8221;5652844&#8243;][vc_empty_space][vc_text_separator title=&#8221;2. POLISH DISCUS CHAMPIONSHIP, KRAKOW 2008&#8243;][vc_empty_space][vc_empty_space][vc_text_separator title=&#8221;1. POLISH DISCUS CHAMPIONSHIP, KRAKOW 2006&#8243;][vc_empty_space][vc_masonry_media_grid element_width=&#8221;2&#8243; grid_id=&#8221;vc_gid:1632589271847-d058aca8a756e9a4d1046969096a351f-1&#8243; include=&#8221;5652838,5652839,5652840,5652841,5652842&#8243;][vc_empty_space][vc_text_separator title=&#8221;2. CZECH DISCUS BREEDERS CHAMPIONSHIP, PRAHA 2005&#8243;][vc_empty_space][vc_masonry_media_grid element_width=&#8221;2&#8243; grid_id=&#8221;vc_gid:1632589271965-d1805121693f25a448737dc3fee81820-1&#8243; include=&#8221;5652832,5652833,5652834,5652835,5652836&#8243;][vc_empty_space][vc_text_separator title=&#8221;1. CZECH DISCUS BREEDERS CHAMPIONSHIP, OSTRAVA 2004&#8243;][vc_empty_space][vc_masonry_media_grid element_width=&#8221;3&#8243; grid_id=&#8221;vc_gid:1632589272087-b6b6acde08dbf3dc10a77ca699bbc0fa-6&#8243; include=&#8221;5652828,5652829,5652830&#8243;][\/vc_column][\/vc_row]\n","protected":false},"excerpt":{"rendered":"<p>[vc_row][vc_column][vc_column_text] Siner, s.r.o. [\/vc_column_text][\/vc_column][\/vc_row][vc_row][vc_column width=&#8221;4\/6&#8243;][vc_column_text]Discus &#8211; Siner is the family business, whose mind and&#8230;<\/p>\n","protected":false},"author":1,"featured_media":0,"parent":0,"menu_order":30,"comment_status":"closed","ping_status":"closed","template":"","meta":{"_links_to":"","_links_to_target":""},"yoast_head":"<!-- This site is optimized with the Yoast SEO plugin v18.9 - https:\/\/yoast.com\/wordpress\/plugins\/seo\/ -->\n<title>Awards - DISCUS-SINER.sk<\/title>\n<meta name=\"robots\" content=\"index, follow, max-snippet:-1, max-image-preview:large, max-video-preview:-1\" \/>\n<link rel=\"canonical\" href=\"https:\/\/discus-siner.sk\/en\/awards\/\" \/>\n<meta property=\"og:locale\" content=\"en_US\" \/>\n<meta property=\"og:type\" content=\"article\" \/>\n<meta property=\"og:title\" content=\"Awards - DISCUS-SINER.sk\" \/>\n<meta property=\"og:description\" content=\"[vc_row][vc_column][vc_column_text] Siner, s.r.o. [\/vc_column_text][\/vc_column][\/vc_row][vc_row][vc_column width=&#8221;4\/6&#8243;][vc_column_text]Discus &#8211; Siner is the family business, whose mind and...\" \/>\n<meta property=\"og:url\" content=\"https:\/\/discus-siner.sk\/en\/awards\/\" \/>\n<meta property=\"og:site_name\" content=\"DISCUS-SINER.sk\" \/>\n<meta property=\"article:publisher\" content=\"https:\/\/www.facebook.com\/Discussiner\/\" \/>\n<meta property=\"article:modified_time\" content=\"2024-06-25T09:40:28+00:00\" \/>\n<meta name=\"twitter:card\" content=\"summary_large_image\" \/>\n<meta name=\"twitter:label1\" content=\"Est. reading time\" \/>\n\t<meta name=\"twitter:data1\" content=\"2 minutes\" \/>\n<script type=\"application\/ld+json\" class=\"yoast-schema-graph\">{\"@context\":\"https:\/\/schema.org\",\"@graph\":[{\"@type\":\"Organization\",\"@id\":\"https:\/\/discus-siner.sk\/#organization\",\"name\":\"Discus Siner\",\"url\":\"https:\/\/discus-siner.sk\/\",\"sameAs\":[\"https:\/\/www.instagram.com\/discussiner.sk\/\",\"https:\/\/www.facebook.com\/Discussiner\/\"],\"logo\":{\"@type\":\"ImageObject\",\"inLanguage\":\"en-US\",\"@id\":\"https:\/\/discus-siner.sk\/#\/schema\/logo\/image\/\",\"url\":\"https:\/\/discus-siner.sk\/wp-content\/uploads\/2017\/11\/a3-logo2.png\",\"contentUrl\":\"https:\/\/discus-siner.sk\/wp-content\/uploads\/2017\/11\/a3-logo2.png\",\"width\":612,\"height\":512,\"caption\":\"Discus Siner\"},\"image\":{\"@id\":\"https:\/\/discus-siner.sk\/#\/schema\/logo\/image\/\"}},{\"@type\":\"WebSite\",\"@id\":\"https:\/\/discus-siner.sk\/#website\",\"url\":\"https:\/\/discus-siner.sk\/\",\"name\":\"DISCUS-SINER.sk\",\"description\":\"\",\"publisher\":{\"@id\":\"https:\/\/discus-siner.sk\/#organization\"},\"potentialAction\":[{\"@type\":\"SearchAction\",\"target\":{\"@type\":\"EntryPoint\",\"urlTemplate\":\"https:\/\/discus-siner.sk\/?s={search_term_string}\"},\"query-input\":\"required name=search_term_string\"}],\"inLanguage\":\"en-US\"},{\"@type\":\"WebPage\",\"@id\":\"https:\/\/discus-siner.sk\/en\/awards\/#webpage\",\"url\":\"https:\/\/discus-siner.sk\/en\/awards\/\",\"name\":\"Awards - DISCUS-SINER.sk\",\"isPartOf\":{\"@id\":\"https:\/\/discus-siner.sk\/#website\"},\"datePublished\":\"2017-11-23T12:56:58+00:00\",\"dateModified\":\"2024-06-25T09:40:28+00:00\",\"breadcrumb\":{\"@id\":\"https:\/\/discus-siner.sk\/en\/awards\/#breadcrumb\"},\"inLanguage\":\"en-US\",\"potentialAction\":[{\"@type\":\"ReadAction\",\"target\":[\"https:\/\/discus-siner.sk\/en\/awards\/\"]}]},{\"@type\":\"BreadcrumbList\",\"@id\":\"https:\/\/discus-siner.sk\/en\/awards\/#breadcrumb\",\"itemListElement\":[{\"@type\":\"ListItem\",\"position\":1,\"name\":\"Home\",\"item\":\"https:\/\/discus-siner.sk\/en\/\"},{\"@type\":\"ListItem\",\"position\":2,\"name\":\"Awards\"}]}]}<\/script>\n<!-- \/ Yoast SEO plugin. -->","yoast_head_json":{"title":"Awards - DISCUS-SINER.sk","robots":{"index":"index","follow":"follow","max-snippet":"max-snippet:-1","max-image-preview":"max-image-preview:large","max-video-preview":"max-video-preview:-1"},"canonical":"https:\/\/discus-siner.sk\/en\/awards\/","og_locale":"en_US","og_type":"article","og_title":"Awards - DISCUS-SINER.sk","og_description":"[vc_row][vc_column][vc_column_text] Siner, s.r.o. [\/vc_column_text][\/vc_column][\/vc_row][vc_row][vc_column width=&#8221;4\/6&#8243;][vc_column_text]Discus &#8211; Siner is the family business, whose mind and...","og_url":"https:\/\/discus-siner.sk\/en\/awards\/","og_site_name":"DISCUS-SINER.sk","article_publisher":"https:\/\/www.facebook.com\/Discussiner\/","article_modified_time":"2024-06-25T09:40:28+00:00","twitter_card":"summary_large_image","twitter_misc":{"Est. reading time":"2 minutes"},"schema":{"@context":"https:\/\/schema.org","@graph":[{"@type":"Organization","@id":"https:\/\/discus-siner.sk\/#organization","name":"Discus Siner","url":"https:\/\/discus-siner.sk\/","sameAs":["https:\/\/www.instagram.com\/discussiner.sk\/","https:\/\/www.facebook.com\/Discussiner\/"],"logo":{"@type":"ImageObject","inLanguage":"en-US","@id":"https:\/\/discus-siner.sk\/#\/schema\/logo\/image\/","url":"https:\/\/discus-siner.sk\/wp-content\/uploads\/2017\/11\/a3-logo2.png","contentUrl":"https:\/\/discus-siner.sk\/wp-content\/uploads\/2017\/11\/a3-logo2.png","width":612,"height":512,"caption":"Discus Siner"},"image":{"@id":"https:\/\/discus-siner.sk\/#\/schema\/logo\/image\/"}},{"@type":"WebSite","@id":"https:\/\/discus-siner.sk\/#website","url":"https:\/\/discus-siner.sk\/","name":"DISCUS-SINER.sk","description":"","publisher":{"@id":"https:\/\/discus-siner.sk\/#organization"},"potentialAction":[{"@type":"SearchAction","target":{"@type":"EntryPoint","urlTemplate":"https:\/\/discus-siner.sk\/?s={search_term_string}"},"query-input":"required name=search_term_string"}],"inLanguage":"en-US"},{"@type":"WebPage","@id":"https:\/\/discus-siner.sk\/en\/awards\/#webpage","url":"https:\/\/discus-siner.sk\/en\/awards\/","name":"Awards - DISCUS-SINER.sk","isPartOf":{"@id":"https:\/\/discus-siner.sk\/#website"},"datePublished":"2017-11-23T12:56:58+00:00","dateModified":"2024-06-25T09:40:28+00:00","breadcrumb":{"@id":"https:\/\/discus-siner.sk\/en\/awards\/#breadcrumb"},"inLanguage":"en-US","potentialAction":[{"@type":"ReadAction","target":["https:\/\/discus-siner.sk\/en\/awards\/"]}]},{"@type":"BreadcrumbList","@id":"https:\/\/discus-siner.sk\/en\/awards\/#breadcrumb","itemListElement":[{"@type":"ListItem","position":1,"name":"Home","item":"https:\/\/discus-siner.sk\/en\/"},{"@type":"ListItem","position":2,"name":"Awards"}]}]}},"_links":{"self":[{"href":"https:\/\/discus-siner.sk\/en\/wp-json\/wp\/v2\/pages\/5656584"}],"collection":[{"href":"https:\/\/discus-siner.sk\/en\/wp-json\/wp\/v2\/pages"}],"about":[{"href":"https:\/\/discus-siner.sk\/en\/wp-json\/wp\/v2\/types\/page"}],"author":[{"embeddable":true,"href":"https:\/\/discus-siner.sk\/en\/wp-json\/wp\/v2\/users\/1"}],"replies":[{"embeddable":true,"href":"https:\/\/discus-siner.sk\/en\/wp-json\/wp\/v2\/comments?post=5656584"}],"version-history":[{"count":2,"href":"https:\/\/discus-siner.sk\/en\/wp-json\/wp\/v2\/pages\/5656584\/revisions"}],"predecessor-version":[{"id":5656589,"href":"https:\/\/discus-siner.sk\/en\/wp-json\/wp\/v2\/pages\/5656584\/revisions\/5656589"}],"wp:attachment":[{"href":"https:\/\/discus-siner.sk\/en\/wp-json\/wp\/v2\/media?parent=5656584"}],"curies":[{"name":"wp","href":"https:\/\/api.w.org\/{rel}","templated":true}]}}